{"id":3385,"date":"2024-07-21T11:01:49","date_gmt":"2024-07-21T10:01:49","guid":{"rendered":"https:\/\/vilacuinats.cat\/?post_type=product&#038;p=3385"},"modified":"2024-11-06T10:37:51","modified_gmt":"2024-11-06T09:37:51","slug":"platano-canario-extra-ud-ca","status":"publish","type":"product","link":"https:\/\/vilacuinats.cat\/es\/producto\/platano-canario-extra-ud-ca\/","title":{"rendered":"Pl\u00e1tano canario extra (ud)"},"content":{"rendered":"<p>Elegir el Pl\u00e1tano de Canarias en Vilacocinados, significa elegir una fruta cultivada bajo los m\u00e1s altos est\u00e1ndares de calidad. Seleccionamos cuidadosamente cada pl\u00e1tano para garantizar su punto \u00f3ptimo de madurez y sabor<\/p>","protected":false},"excerpt":{"rendered":"<p>Ingredients: Pl\u00e0tan .<br \/>\nOrigen: Can\u00e0ries.<br \/>\nCalibre: 18-20.<br \/>\nCategoria: extra.<br \/>\nVarietat: Cavendish<\/p>\n<p>El pl\u00e0tan de Can\u00e0ries \u00e9s un aliment amb alt contingut per porci\u00f3 comestible en vitamina B6 (0,52 g\/100 g) i font de potassi (419,9 mg\/100 g), fibra diet\u00e8tica total (2,22 g\/100 g) ) i vitamina C (12,35 mg\/100 g)<\/p>\n<p>&nbsp;<\/p>","protected":false},"featured_media":3395,"template":"","meta":{"inline_featured_image":false,"_uag_custom_page_level_css":"","site-sidebar-layout":"default","site-content-layout":"","ast-site-content-layout":"default","site-content-style":"default","site-sidebar-style":"default","ast-global-header-display":"","ast-banner-title-visibility":"","ast-main-header-display":"","ast-hfb-above-header-display":"","ast-hfb-below-header-display":"","ast-hfb-mobile-header-display":"","site-post-title":"","ast-breadcrumbs-content":"","ast-featured-img":"","footer-sml-layout":"","ast-disable-related-posts":"","theme-transparent-header-meta":"default","adv-header-id-meta":"","stick-header-meta":"","header-above-stick-meta":"","header-main-stick-meta":"","header-below-stick-meta":"","astra-migrate-meta-layouts":"set","ast-page-background-enabled":"default","ast-page-background-meta":{"desktop":{"background-color":"","background-image":"","background-repeat":"repeat","background-position":"center center","background-size":"auto","background-attachment":"scroll","background-type":"","background-media":"","overlay-type":"","overlay-color":"","overlay-opacity":"","overlay-gradient":""},"tablet":{"background-color":"","background-image":"","background-repeat":"repeat","background-position":"center center","background-size":"auto","background-attachment":"scroll","background-type":"","background-media":"","overlay-type":"","overlay-color":"","overlay-opacity":"","overlay-gradient":""},"mobile":{"background-color":"","background-image":"","background-repeat":"repeat","background-position":"center center","background-size":"auto","background-attachment":"scroll","background-type":"","background-media":"","overlay-type":"","overlay-color":"","overlay-opacity":"","overlay-gradient":""}},"ast-content-background-meta":{"desktop":{"background-color":"var(--ast-global-color-5)","background-image":"","background-repeat":"repeat","background-position":"center center","background-size":"auto","background-attachment":"scroll","background-type":"","background-media":"","overlay-type":"","overlay-color":"","overlay-opacity":"","overlay-gradient":""},"tablet":{"background-color":"var(--ast-global-color-5)","background-image":"","background-repeat":"repeat","background-position":"center center","background-size":"auto","background-attachment":"scroll","background-type":"","background-media":"","overlay-type":"","overlay-color":"","overlay-opacity":"","overlay-gradient":""},"mobile":{"background-color":"var(--ast-global-color-5)","background-image":"","background-repeat":"repeat","background-position":"center center","background-size":"auto","background-attachment":"scroll","background-type":"","background-media":"","overlay-type":"","overlay-color":"","overlay-opacity":"","overlay-gradient":""}}},"product_brand":[],"product_cat":[34],"product_tag":[],"class_list":{"0":"post-3385","1":"product","2":"type-product","3":"status-publish","4":"has-post-thumbnail","6":"product_cat-postres","7":"desktop-align-left","8":"tablet-align-left","9":"mobile-align-left","11":"first","12":"instock","13":"taxable","14":"shipping-taxable","15":"purchasable","16":"product-type-simple"},"uagb_featured_image_src":{"full":["https:\/\/vilacuinats.cat\/wp-content\/uploads\/2024\/07\/platan_ecologic-vilamercat-hd.jpg",1080,1350,false],"thumbnail":["https:\/\/vilacuinats.cat\/wp-content\/uploads\/2024\/07\/platan_ecologic-vilamercat-hd-150x150.jpg",150,150,true],"medium":["https:\/\/vilacuinats.cat\/wp-content\/uploads\/2024\/07\/platan_ecologic-vilamercat-hd-240x300.jpg",240,300,true],"medium_large":["https:\/\/vilacuinats.cat\/wp-content\/uploads\/2024\/07\/platan_ecologic-vilamercat-hd-768x960.jpg",768,960,true],"large":["https:\/\/vilacuinats.cat\/wp-content\/uploads\/2024\/07\/platan_ecologic-vilamercat-hd-819x1024.jpg",819,1024,true],"1536x1536":["https:\/\/vilacuinats.cat\/wp-content\/uploads\/2024\/07\/platan_ecologic-vilamercat-hd.jpg",1080,1350,false],"2048x2048":["https:\/\/vilacuinats.cat\/wp-content\/uploads\/2024\/07\/platan_ecologic-vilamercat-hd.jpg",1080,1350,false],"trp-custom-language-flag":["https:\/\/vilacuinats.cat\/wp-content\/uploads\/2024\/07\/platan_ecologic-vilamercat-hd-10x12.jpg",10,12,true],"woocommerce_thumbnail":["https:\/\/vilacuinats.cat\/wp-content\/uploads\/2024\/07\/platan_ecologic-vilamercat-hd-300x300.jpg",300,300,true],"woocommerce_single":["https:\/\/vilacuinats.cat\/wp-content\/uploads\/2024\/07\/platan_ecologic-vilamercat-hd-600x750.jpg",600,750,true],"woocommerce_gallery_thumbnail":["https:\/\/vilacuinats.cat\/wp-content\/uploads\/2024\/07\/platan_ecologic-vilamercat-hd-100x100.jpg",100,100,true]},"uagb_author_info":{"display_name":"Vilacuinats","author_link":"https:\/\/vilacuinats.cat\/es\/author\/"},"uagb_comment_info":0,"uagb_excerpt":"Ingredients: Pl\u00e0tan . Origen: Can\u00e0ries. Calibre: 18-20. Categoria: extra. Varietat: Cavendish El pl\u00e0tan de Can\u00e0ries \u00e9s un aliment amb alt contingut per porci\u00f3 comestible en vitamina B6 (0,52 g\/100 g) i font de potassi (419,9 mg\/100 g), fibra diet\u00e8tica total (2,22 g\/100 g) ) i vitamina C (12,35 mg\/100 g) &nbsp;","_links":{"self":[{"href":"https:\/\/vilacuinats.cat\/es\/wp-json\/wp\/v2\/product\/3385","targetHints":{"allow":["GET"]}}],"collection":[{"href":"https:\/\/vilacuinats.cat\/es\/wp-json\/wp\/v2\/product"}],"about":[{"href":"https:\/\/vilacuinats.cat\/es\/wp-json\/wp\/v2\/types\/product"}],"wp:featuredmedia":[{"embeddable":true,"href":"https:\/\/vilacuinats.cat\/es\/wp-json\/wp\/v2\/media\/3395"}],"wp:attachment":[{"href":"https:\/\/vilacuinats.cat\/es\/wp-json\/wp\/v2\/media?parent=3385"}],"wp:term":[{"taxonomy":"product_brand","embeddable":true,"href":"https:\/\/vilacuinats.cat\/es\/wp-json\/wp\/v2\/product_brand?post=3385"},{"taxonomy":"product_cat","embeddable":true,"href":"https:\/\/vilacuinats.cat\/es\/wp-json\/wp\/v2\/product_cat?post=3385"},{"taxonomy":"product_tag","embeddable":true,"href":"https:\/\/vilacuinats.cat\/es\/wp-json\/wp\/v2\/product_tag?post=3385"}],"curies":[{"name":"wp","href":"https:\/\/api.w.org\/{rel}","templated":true}]}}