{"id":3383,"date":"2024-07-21T10:43:27","date_gmt":"2024-07-21T09:43:27","guid":{"rendered":"https:\/\/vilacuinats.cat\/?post_type=product&#038;p=3383"},"modified":"2024-11-06T10:37:57","modified_gmt":"2024-11-06T09:37:57","slug":"naranja-de-mesa-ud-ca2","status":"publish","type":"product","link":"https:\/\/vilacuinats.cat\/es\/producto\/naranja-de-mesa-ud-ca2\/","title":{"rendered":"Naranja de mesa (ud)"},"content":{"rendered":"<p>La mejor naranja de mesa.<\/p>\n<p>Naranjas reci\u00e9n recogidas del \u00e1rbol en el momento id\u00f3neo de maduraci\u00f3n. Son naranjas 100% naturales y sin tratamientos qu\u00edmicos para la maduraci\u00f3n, coloraci\u00f3n ni conservaci\u00f3n y que han sido seleccionadas manualmente para que tengan un gran calibre y una piel perfecta.<\/p>","protected":false},"excerpt":{"rendered":"<p>Ingredients: Taronja.<br \/>\nOrigen: Tarragona.<br \/>\nCalibre: 3 (81- 92 mm).<br \/>\nCategoria: 1\u00aa.<br \/>\nVarietat: Navelinas.<\/p>","protected":false},"featured_media":3396,"template":"","meta":{"inline_featured_image":false,"_uag_custom_page_level_css":"","site-sidebar-layout":"default","site-content-layout":"","ast-site-content-layout":"default","site-content-style":"default","site-sidebar-style":"default","ast-global-header-display":"","ast-banner-title-visibility":"","ast-main-header-display":"","ast-hfb-above-header-display":"","ast-hfb-below-header-display":"","ast-hfb-mobile-header-display":"","site-post-title":"","ast-breadcrumbs-content":"","ast-featured-img":"","footer-sml-layout":"","ast-disable-related-posts":"","theme-transparent-header-meta":"default","adv-header-id-meta":"","stick-header-meta":"","header-above-stick-meta":"","header-main-stick-meta":"","header-below-stick-meta":"","astra-migrate-meta-layouts":"set","ast-page-background-enabled":"default","ast-page-background-meta":{"desktop":{"background-color":"","background-image":"","background-repeat":"repeat","background-position":"center center","background-size":"auto","background-attachment":"scroll","background-type":"","background-media":"","overlay-type":"","overlay-color":"","overlay-opacity":"","overlay-gradient":""},"tablet":{"background-color":"","background-image":"","background-repeat":"repeat","background-position":"center center","background-size":"auto","background-attachment":"scroll","background-type":"","background-media":"","overlay-type":"","overlay-color":"","overlay-opacity":"","overlay-gradient":""},"mobile":{"background-color":"","background-image":"","background-repeat":"repeat","background-position":"center center","background-size":"auto","background-attachment":"scroll","background-type":"","background-media":"","overlay-type":"","overlay-color":"","overlay-opacity":"","overlay-gradient":""}},"ast-content-background-meta":{"desktop":{"background-color":"var(--ast-global-color-5)","background-image":"","background-repeat":"repeat","background-position":"center center","background-size":"auto","background-attachment":"scroll","background-type":"","background-media":"","overlay-type":"","overlay-color":"","overlay-opacity":"","overlay-gradient":""},"tablet":{"background-color":"var(--ast-global-color-5)","background-image":"","background-repeat":"repeat","background-position":"center center","background-size":"auto","background-attachment":"scroll","background-type":"","background-media":"","overlay-type":"","overlay-color":"","overlay-opacity":"","overlay-gradient":""},"mobile":{"background-color":"var(--ast-global-color-5)","background-image":"","background-repeat":"repeat","background-position":"center center","background-size":"auto","background-attachment":"scroll","background-type":"","background-media":"","overlay-type":"","overlay-color":"","overlay-opacity":"","overlay-gradient":""}}},"product_brand":[],"product_cat":[34],"product_tag":[],"class_list":{"0":"post-3383","1":"product","2":"type-product","3":"status-publish","4":"has-post-thumbnail","6":"product_cat-postres","7":"desktop-align-left","8":"tablet-align-left","9":"mobile-align-left","11":"first","12":"instock","13":"taxable","14":"shipping-taxable","15":"purchasable","16":"product-type-simple"},"uagb_featured_image_src":{"full":["https:\/\/vilacuinats.cat\/wp-content\/uploads\/2024\/07\/taronja-taula-vilamercat-hd.jpg",1080,1350,false],"thumbnail":["https:\/\/vilacuinats.cat\/wp-content\/uploads\/2024\/07\/taronja-taula-vilamercat-hd-150x150.jpg",150,150,true],"medium":["https:\/\/vilacuinats.cat\/wp-content\/uploads\/2024\/07\/taronja-taula-vilamercat-hd-240x300.jpg",240,300,true],"medium_large":["https:\/\/vilacuinats.cat\/wp-content\/uploads\/2024\/07\/taronja-taula-vilamercat-hd-768x960.jpg",768,960,true],"large":["https:\/\/vilacuinats.cat\/wp-content\/uploads\/2024\/07\/taronja-taula-vilamercat-hd-819x1024.jpg",819,1024,true],"1536x1536":["https:\/\/vilacuinats.cat\/wp-content\/uploads\/2024\/07\/taronja-taula-vilamercat-hd.jpg",1080,1350,false],"2048x2048":["https:\/\/vilacuinats.cat\/wp-content\/uploads\/2024\/07\/taronja-taula-vilamercat-hd.jpg",1080,1350,false],"trp-custom-language-flag":["https:\/\/vilacuinats.cat\/wp-content\/uploads\/2024\/07\/taronja-taula-vilamercat-hd-10x12.jpg",10,12,true],"woocommerce_thumbnail":["https:\/\/vilacuinats.cat\/wp-content\/uploads\/2024\/07\/taronja-taula-vilamercat-hd-300x300.jpg",300,300,true],"woocommerce_single":["https:\/\/vilacuinats.cat\/wp-content\/uploads\/2024\/07\/taronja-taula-vilamercat-hd-600x750.jpg",600,750,true],"woocommerce_gallery_thumbnail":["https:\/\/vilacuinats.cat\/wp-content\/uploads\/2024\/07\/taronja-taula-vilamercat-hd-100x100.jpg",100,100,true]},"uagb_author_info":{"display_name":"Vilacuinats","author_link":"https:\/\/vilacuinats.cat\/es\/author\/"},"uagb_comment_info":0,"uagb_excerpt":"Ingredients: Taronja. Origen: Tarragona. Calibre: 3 (81- 92 mm). Categoria: 1\u00aa. Varietat: Navelinas.","_links":{"self":[{"href":"https:\/\/vilacuinats.cat\/es\/wp-json\/wp\/v2\/product\/3383","targetHints":{"allow":["GET"]}}],"collection":[{"href":"https:\/\/vilacuinats.cat\/es\/wp-json\/wp\/v2\/product"}],"about":[{"href":"https:\/\/vilacuinats.cat\/es\/wp-json\/wp\/v2\/types\/product"}],"wp:featuredmedia":[{"embeddable":true,"href":"https:\/\/vilacuinats.cat\/es\/wp-json\/wp\/v2\/media\/3396"}],"wp:attachment":[{"href":"https:\/\/vilacuinats.cat\/es\/wp-json\/wp\/v2\/media?parent=3383"}],"wp:term":[{"taxonomy":"product_brand","embeddable":true,"href":"https:\/\/vilacuinats.cat\/es\/wp-json\/wp\/v2\/product_brand?post=3383"},{"taxonomy":"product_cat","embeddable":true,"href":"https:\/\/vilacuinats.cat\/es\/wp-json\/wp\/v2\/product_cat?post=3383"},{"taxonomy":"product_tag","embeddable":true,"href":"https:\/\/vilacuinats.cat\/es\/wp-json\/wp\/v2\/product_tag?post=3383"}],"curies":[{"name":"wp","href":"https:\/\/api.w.org\/{rel}","templated":true}]}}