{"id":3265,"date":"2024-06-20T06:51:30","date_gmt":"2024-06-20T05:51:30","guid":{"rendered":"https:\/\/vilacuinats.cat\/?post_type=product&#038;p=3265"},"modified":"2024-11-06T10:38:04","modified_gmt":"2024-11-06T09:38:04","slug":"pollo-con-mango-con-arroz-ca3","status":"publish","type":"product","link":"https:\/\/vilacuinats.cat\/es\/producto\/pollo-con-mango-con-arroz-ca3\/","title":{"rendered":"Pollo con mango con arroz"},"content":{"rendered":"<p>Pollo con mango y arroz. Una combinaci\u00f3n ex\u00f3tica de sabores dulces y texturas cremosas. Ideal para una experiencia culinaria \u00fanica y satisfactoria. \u00a1Buen provecho!<\/p>","protected":false},"excerpt":{"rendered":"<p>Ingredientes: contramuslo de pollo, arroz basmati, cebolla, mango, tomate frito (tomate, aceite de girasol, az\u00facar, almid\u00f3n de ma\u00edz modificado, sal, acidulante (\u00e1cido c\u00edtrico) y cebolla, aceite de girasol refinado y winterizado altole OFRE)), az\u00facar moreno, pasas (pasas y aceite de girasol), curry molido (c\u00farcuma, clavo, sal, comino, cilantro, canela, harina de ma\u00edz, cayena y otras especias) , salsa sriracha (chiles, ajo, az\u00facar, sal, vinagre y esta.<\/p>","protected":false},"featured_media":3266,"template":"","meta":{"inline_featured_image":false,"_uag_custom_page_level_css":"","site-sidebar-layout":"default","site-content-layout":"","ast-site-content-layout":"default","site-content-style":"default","site-sidebar-style":"default","ast-global-header-display":"","ast-banner-title-visibility":"","ast-main-header-display":"","ast-hfb-above-header-display":"","ast-hfb-below-header-display":"","ast-hfb-mobile-header-display":"","site-post-title":"","ast-breadcrumbs-content":"","ast-featured-img":"","footer-sml-layout":"","ast-disable-related-posts":"","theme-transparent-header-meta":"default","adv-header-id-meta":"","stick-header-meta":"","header-above-stick-meta":"","header-main-stick-meta":"","header-below-stick-meta":"","astra-migrate-meta-layouts":"set","ast-page-background-enabled":"default","ast-page-background-meta":{"desktop":{"background-color":"","background-image":"","background-repeat":"repeat","background-position":"center center","background-size":"auto","background-attachment":"scroll","background-type":"","background-media":"","overlay-type":"","overlay-color":"","overlay-opacity":"","overlay-gradient":""},"tablet":{"background-color":"","background-image":"","background-repeat":"repeat","background-position":"center center","background-size":"auto","background-attachment":"scroll","background-type":"","background-media":"","overlay-type":"","overlay-color":"","overlay-opacity":"","overlay-gradient":""},"mobile":{"background-color":"","background-image":"","background-repeat":"repeat","background-position":"center center","background-size":"auto","background-attachment":"scroll","background-type":"","background-media":"","overlay-type":"","overlay-color":"","overlay-opacity":"","overlay-gradient":""}},"ast-content-background-meta":{"desktop":{"background-color":"var(--ast-global-color-5)","background-image":"","background-repeat":"repeat","background-position":"center center","background-size":"auto","background-attachment":"scroll","background-type":"","background-media":"","overlay-type":"","overlay-color":"","overlay-opacity":"","overlay-gradient":""},"tablet":{"background-color":"var(--ast-global-color-5)","background-image":"","background-repeat":"repeat","background-position":"center center","background-size":"auto","background-attachment":"scroll","background-type":"","background-media":"","overlay-type":"","overlay-color":"","overlay-opacity":"","overlay-gradient":""},"mobile":{"background-color":"var(--ast-global-color-5)","background-image":"","background-repeat":"repeat","background-position":"center center","background-size":"auto","background-attachment":"scroll","background-type":"","background-media":"","overlay-type":"","overlay-color":"","overlay-opacity":"","overlay-gradient":""}}},"product_brand":[],"product_cat":[15],"product_tag":[],"class_list":{"0":"post-3265","1":"product","2":"type-product","3":"status-publish","4":"has-post-thumbnail","6":"product_cat-uncategorized","7":"desktop-align-left","8":"tablet-align-left","9":"mobile-align-left","11":"first","12":"instock","13":"taxable","14":"shipping-taxable","15":"purchasable","16":"product-type-simple"},"uagb_featured_image_src":{"full":["https:\/\/vilacuinats.cat\/wp-content\/uploads\/2024\/06\/Pollo-con-mango-3.jpg",1890,1417,false],"thumbnail":["https:\/\/vilacuinats.cat\/wp-content\/uploads\/2024\/06\/Pollo-con-mango-3-150x150.jpg",150,150,true],"medium":["https:\/\/vilacuinats.cat\/wp-content\/uploads\/2024\/06\/Pollo-con-mango-3-300x225.jpg",300,225,true],"medium_large":["https:\/\/vilacuinats.cat\/wp-content\/uploads\/2024\/06\/Pollo-con-mango-3-768x576.jpg",768,576,true],"large":["https:\/\/vilacuinats.cat\/wp-content\/uploads\/2024\/06\/Pollo-con-mango-3-1024x768.jpg",1024,768,true],"1536x1536":["https:\/\/vilacuinats.cat\/wp-content\/uploads\/2024\/06\/Pollo-con-mango-3-1536x1152.jpg",1536,1152,true],"2048x2048":["https:\/\/vilacuinats.cat\/wp-content\/uploads\/2024\/06\/Pollo-con-mango-3.jpg",1890,1417,false],"trp-custom-language-flag":["https:\/\/vilacuinats.cat\/wp-content\/uploads\/2024\/06\/Pollo-con-mango-3-16x12.jpg",16,12,true],"woocommerce_thumbnail":["https:\/\/vilacuinats.cat\/wp-content\/uploads\/2024\/06\/Pollo-con-mango-3-300x300.jpg",300,300,true],"woocommerce_single":["https:\/\/vilacuinats.cat\/wp-content\/uploads\/2024\/06\/Pollo-con-mango-3-600x450.jpg",600,450,true],"woocommerce_gallery_thumbnail":["https:\/\/vilacuinats.cat\/wp-content\/uploads\/2024\/06\/Pollo-con-mango-3-100x100.jpg",100,100,true]},"uagb_author_info":{"display_name":"info@articagency.com","author_link":"https:\/\/vilacuinats.cat\/es\/author\/"},"uagb_comment_info":0,"uagb_excerpt":"Ingredients: contracuixa de pollastre, arr\u00f2s basmati, ceba, mango, tom\u00e0quet fregit (tom\u00e0quet, oli de gira-sol, sucre, mid\u00f3 de blat de moro modificat, sal, acidulant (\u00e0cid c\u00edtric) i ceba, oli de gira-sol refinat i winteritzat alt oleic, vinagre de poma (vinagre de sidra i antioxidant (di\u00f2xid de SOFRE)), sucre bru, panses (passes i oli de gira-sol), curri&hellip;","_links":{"self":[{"href":"https:\/\/vilacuinats.cat\/es\/wp-json\/wp\/v2\/product\/3265","targetHints":{"allow":["GET"]}}],"collection":[{"href":"https:\/\/vilacuinats.cat\/es\/wp-json\/wp\/v2\/product"}],"about":[{"href":"https:\/\/vilacuinats.cat\/es\/wp-json\/wp\/v2\/types\/product"}],"wp:featuredmedia":[{"embeddable":true,"href":"https:\/\/vilacuinats.cat\/es\/wp-json\/wp\/v2\/media\/3266"}],"wp:attachment":[{"href":"https:\/\/vilacuinats.cat\/es\/wp-json\/wp\/v2\/media?parent=3265"}],"wp:term":[{"taxonomy":"product_brand","embeddable":true,"href":"https:\/\/vilacuinats.cat\/es\/wp-json\/wp\/v2\/product_brand?post=3265"},{"taxonomy":"product_cat","embeddable":true,"href":"https:\/\/vilacuinats.cat\/es\/wp-json\/wp\/v2\/product_cat?post=3265"},{"taxonomy":"product_tag","embeddable":true,"href":"https:\/\/vilacuinats.cat\/es\/wp-json\/wp\/v2\/product_tag?post=3265"}],"curies":[{"name":"wp","href":"https:\/\/api.w.org\/{rel}","templated":true}]}}