{"id":3260,"date":"2024-06-20T06:48:20","date_gmt":"2024-06-20T05:48:20","guid":{"rendered":"https:\/\/vilacuinats.cat\/?post_type=product&#038;p=3260"},"modified":"2024-11-06T10:38:12","modified_gmt":"2024-11-06T09:38:12","slug":"pollo-pages-catalana-con-boniato-ca4","status":"publish","type":"product","link":"https:\/\/vilacuinats.cat\/es\/producto\/pollo-pages-catalana-con-boniato-ca4\/","title":{"rendered":"Pollo campesino catal\u00e1n con boniato"},"content":{"rendered":"<p>Pollo de pay\u00e9s con salsa catalana y boniato. Una fusi\u00f3n de sabores tradicionales y texturas cremosas. Perfecto para una comida nutritiva y reconfortante.<\/p>","protected":false},"excerpt":{"rendered":"<p>Ingredientes: contramuslo de pollo de pay\u00e9s, boniato, cebolla ahogada (cebolla y aceite de girasol), aceite de girasol, ciruelas (ciruelas sin hueso, aceite de girasol y conservantes (sorbato pot\u00e1sico)), pi\u00f1ones, sal y especias.<\/p>","protected":false},"featured_media":3262,"template":"","meta":{"inline_featured_image":false,"_uag_custom_page_level_css":"","site-sidebar-layout":"default","site-content-layout":"","ast-site-content-layout":"default","site-content-style":"default","site-sidebar-style":"default","ast-global-header-display":"","ast-banner-title-visibility":"","ast-main-header-display":"","ast-hfb-above-header-display":"","ast-hfb-below-header-display":"","ast-hfb-mobile-header-display":"","site-post-title":"","ast-breadcrumbs-content":"","ast-featured-img":"","footer-sml-layout":"","ast-disable-related-posts":"","theme-transparent-header-meta":"default","adv-header-id-meta":"","stick-header-meta":"","header-above-stick-meta":"","header-main-stick-meta":"","header-below-stick-meta":"","astra-migrate-meta-layouts":"set","ast-page-background-enabled":"default","ast-page-background-meta":{"desktop":{"background-color":"","background-image":"","background-repeat":"repeat","background-position":"center center","background-size":"auto","background-attachment":"scroll","background-type":"","background-media":"","overlay-type":"","overlay-color":"","overlay-opacity":"","overlay-gradient":""},"tablet":{"background-color":"","background-image":"","background-repeat":"repeat","background-position":"center center","background-size":"auto","background-attachment":"scroll","background-type":"","background-media":"","overlay-type":"","overlay-color":"","overlay-opacity":"","overlay-gradient":""},"mobile":{"background-color":"","background-image":"","background-repeat":"repeat","background-position":"center center","background-size":"auto","background-attachment":"scroll","background-type":"","background-media":"","overlay-type":"","overlay-color":"","overlay-opacity":"","overlay-gradient":""}},"ast-content-background-meta":{"desktop":{"background-color":"var(--ast-global-color-5)","background-image":"","background-repeat":"repeat","background-position":"center center","background-size":"auto","background-attachment":"scroll","background-type":"","background-media":"","overlay-type":"","overlay-color":"","overlay-opacity":"","overlay-gradient":""},"tablet":{"background-color":"var(--ast-global-color-5)","background-image":"","background-repeat":"repeat","background-position":"center center","background-size":"auto","background-attachment":"scroll","background-type":"","background-media":"","overlay-type":"","overlay-color":"","overlay-opacity":"","overlay-gradient":""},"mobile":{"background-color":"var(--ast-global-color-5)","background-image":"","background-repeat":"repeat","background-position":"center center","background-size":"auto","background-attachment":"scroll","background-type":"","background-media":"","overlay-type":"","overlay-color":"","overlay-opacity":"","overlay-gradient":""}}},"product_brand":[],"product_cat":[35],"product_tag":[],"class_list":{"0":"post-3260","1":"product","2":"type-product","3":"status-publish","4":"has-post-thumbnail","6":"product_cat-plats-del-mes","7":"desktop-align-left","8":"tablet-align-left","9":"mobile-align-left","11":"first","12":"instock","13":"taxable","14":"shipping-taxable","15":"purchasable","16":"product-type-simple"},"uagb_featured_image_src":{"full":["https:\/\/vilacuinats.cat\/wp-content\/uploads\/2024\/06\/Pollo-catalana-3.jpg",1890,1417,false],"thumbnail":["https:\/\/vilacuinats.cat\/wp-content\/uploads\/2024\/06\/Pollo-catalana-3-150x150.jpg",150,150,true],"medium":["https:\/\/vilacuinats.cat\/wp-content\/uploads\/2024\/06\/Pollo-catalana-3-300x225.jpg",300,225,true],"medium_large":["https:\/\/vilacuinats.cat\/wp-content\/uploads\/2024\/06\/Pollo-catalana-3-768x576.jpg",768,576,true],"large":["https:\/\/vilacuinats.cat\/wp-content\/uploads\/2024\/06\/Pollo-catalana-3-1024x768.jpg",1024,768,true],"1536x1536":["https:\/\/vilacuinats.cat\/wp-content\/uploads\/2024\/06\/Pollo-catalana-3-1536x1152.jpg",1536,1152,true],"2048x2048":["https:\/\/vilacuinats.cat\/wp-content\/uploads\/2024\/06\/Pollo-catalana-3.jpg",1890,1417,false],"trp-custom-language-flag":["https:\/\/vilacuinats.cat\/wp-content\/uploads\/2024\/06\/Pollo-catalana-3-16x12.jpg",16,12,true],"woocommerce_thumbnail":["https:\/\/vilacuinats.cat\/wp-content\/uploads\/2024\/06\/Pollo-catalana-3-300x300.jpg",300,300,true],"woocommerce_single":["https:\/\/vilacuinats.cat\/wp-content\/uploads\/2024\/06\/Pollo-catalana-3-600x450.jpg",600,450,true],"woocommerce_gallery_thumbnail":["https:\/\/vilacuinats.cat\/wp-content\/uploads\/2024\/06\/Pollo-catalana-3-100x100.jpg",100,100,true]},"uagb_author_info":{"display_name":"info@articagency.com","author_link":"https:\/\/vilacuinats.cat\/es\/author\/"},"uagb_comment_info":0,"uagb_excerpt":"Ingredients: contracuixa de pollastre de pag\u00e8s, moniato, ceba ofegada (ceba i oli de gira-sol), oli de gira-sol, prunes (prunes sense pinyol, oli de gira-sol i conservants (sorbat pot\u00e0ssic)), pinyons, sal i esp\u00e8cies.","_links":{"self":[{"href":"https:\/\/vilacuinats.cat\/es\/wp-json\/wp\/v2\/product\/3260","targetHints":{"allow":["GET"]}}],"collection":[{"href":"https:\/\/vilacuinats.cat\/es\/wp-json\/wp\/v2\/product"}],"about":[{"href":"https:\/\/vilacuinats.cat\/es\/wp-json\/wp\/v2\/types\/product"}],"wp:featuredmedia":[{"embeddable":true,"href":"https:\/\/vilacuinats.cat\/es\/wp-json\/wp\/v2\/media\/3262"}],"wp:attachment":[{"href":"https:\/\/vilacuinats.cat\/es\/wp-json\/wp\/v2\/media?parent=3260"}],"wp:term":[{"taxonomy":"product_brand","embeddable":true,"href":"https:\/\/vilacuinats.cat\/es\/wp-json\/wp\/v2\/product_brand?post=3260"},{"taxonomy":"product_cat","embeddable":true,"href":"https:\/\/vilacuinats.cat\/es\/wp-json\/wp\/v2\/product_cat?post=3260"},{"taxonomy":"product_tag","embeddable":true,"href":"https:\/\/vilacuinats.cat\/es\/wp-json\/wp\/v2\/product_tag?post=3260"}],"curies":[{"name":"wp","href":"https:\/\/api.w.org\/{rel}","templated":true}]}}