{"id":2907,"date":"2024-06-05T10:30:51","date_gmt":"2024-06-05T09:30:51","guid":{"rendered":"https:\/\/vilacuinats.cat\/?post_type=product&#038;p=2907"},"modified":"2024-11-06T10:38:29","modified_gmt":"2024-11-06T09:38:29","slug":"berenjena-chili-apeteat-ca7","status":"publish","type":"product","link":"https:\/\/vilacuinats.cat\/es\/producto\/berenjena-chili-apeteat-ca7\/","title":{"rendered":"Berenjena rellena (chili)"},"content":{"rendered":"<p>183.69 <span style=\"font-size: 16px;\">kcal por cada 100g<\/span><\/p>\n<p>Descubra una deliciosa receta de chile berenjena con carne magra de cerdo, tomates y especias arom\u00e1ticas. Un plato perfecto para los amantes de los sabores intensos, que combina la riqueza de la carne con la suavidad de la berenjena y un toque picante.<\/p>","protected":false},"excerpt":{"rendered":"<div class=\"flex flex-grow flex-col max-w-full\">\n<div class=\"min-h-[20px] text-message flex flex-col items-start whitespace-pre-wrap break-words [.text-message+&amp;]:mt-5 juice:w-full juice:items-end overflow-x-auto gap-2\" dir=\"auto\" data-message-author-role=\"assistant\" data-message-id=\"fb05ce22-66d2-4063-9243-52350d709e0a\">\n<div class=\"flex w-full flex-col gap-1 juice:empty:hidden juice:first:pt-[3px]\">\n<div class=\"markdown prose w-full break-words dark:prose-invert light\">\n<p>Berenjena, chili con carne (carne magra de cerdo, tomate triturado (tomate, aceite de girasol, az\u00facar, almid\u00f3n de ma\u00edz modificado, sal, acidulante (\u00e1cido c\u00edtrico) y cebolla), cerveza (agua, malta de CEBADA, ma\u00edz, arroz y l\u00fapulo), cebolla, salsa chile dulce (az\u00facar, agua, chile, sal, ajo, almid\u00f3n modificado, corrector de acidez (\u00e1cido ac\u00e9tico) y espesante (goma xantana)), aceite de girasol refinado y winterizado alto oleico, sal, ajo, especias y hierbas arom\u00e1ticas), bechamel (LECHE uht entera, harina (harina de TRIGO, antioxidante (\u00e1cido asc\u00f3rbico y fosfato c\u00e1lcico)), margarina (grasa vegetal (palma), aceite vegetal (gira- sol), agua, sal, emulgentes (mono y diglic\u00e9ridos de \u00e1cidos grasos y lecitinas girasol), corrector de acidez (\u00e1cido c\u00edtrico), conservante (\u00e1cido asc\u00f3rbico), antioxidante (palmidad asc\u00f3rbico y extractos naturales), colorante (betacaroteno) y aromas), sal, nuez moscada y especias), chile jalapeny, vinagre, sal yodada, cebolla, especias, ajo y aceite de SOJA.<\/p>\n<\/div>\n<\/div>\n<\/div>\n<\/div>","protected":false},"featured_media":3214,"template":"","meta":{"inline_featured_image":false,"_uag_custom_page_level_css":"","site-sidebar-layout":"default","site-content-layout":"","ast-site-content-layout":"default","site-content-style":"default","site-sidebar-style":"default","ast-global-header-display":"","ast-banner-title-visibility":"","ast-main-header-display":"","ast-hfb-above-header-display":"","ast-hfb-below-header-display":"","ast-hfb-mobile-header-display":"","site-post-title":"","ast-breadcrumbs-content":"","ast-featured-img":"","footer-sml-layout":"","ast-disable-related-posts":"","theme-transparent-header-meta":"default","adv-header-id-meta":"","stick-header-meta":"","header-above-stick-meta":"","header-main-stick-meta":"","header-below-stick-meta":"","astra-migrate-meta-layouts":"set","ast-page-background-enabled":"default","ast-page-background-meta":{"desktop":{"background-color":"","background-image":"","background-repeat":"repeat","background-position":"center center","background-size":"auto","background-attachment":"scroll","background-type":"","background-media":"","overlay-type":"","overlay-color":"","overlay-opacity":"","overlay-gradient":""},"tablet":{"background-color":"","background-image":"","background-repeat":"repeat","background-position":"center center","background-size":"auto","background-attachment":"scroll","background-type":"","background-media":"","overlay-type":"","overlay-color":"","overlay-opacity":"","overlay-gradient":""},"mobile":{"background-color":"","background-image":"","background-repeat":"repeat","background-position":"center center","background-size":"auto","background-attachment":"scroll","background-type":"","background-media":"","overlay-type":"","overlay-color":"","overlay-opacity":"","overlay-gradient":""}},"ast-content-background-meta":{"desktop":{"background-color":"var(--ast-global-color-5)","background-image":"","background-repeat":"repeat","background-position":"center center","background-size":"auto","background-attachment":"scroll","background-type":"","background-media":"","overlay-type":"","overlay-color":"","overlay-opacity":"","overlay-gradient":""},"tablet":{"background-color":"var(--ast-global-color-5)","background-image":"","background-repeat":"repeat","background-position":"center center","background-size":"auto","background-attachment":"scroll","background-type":"","background-media":"","overlay-type":"","overlay-color":"","overlay-opacity":"","overlay-gradient":""},"mobile":{"background-color":"var(--ast-global-color-5)","background-image":"","background-repeat":"repeat","background-position":"center center","background-size":"auto","background-attachment":"scroll","background-type":"","background-media":"","overlay-type":"","overlay-color":"","overlay-opacity":"","overlay-gradient":""}}},"product_brand":[],"product_cat":[35],"product_tag":[],"class_list":{"0":"post-2907","1":"product","2":"type-product","3":"status-publish","4":"has-post-thumbnail","6":"product_cat-plats-del-mes","7":"desktop-align-left","8":"tablet-align-left","9":"mobile-align-left","11":"first","12":"instock","13":"taxable","14":"shipping-taxable","15":"purchasable","16":"product-type-simple"},"uagb_featured_image_src":{"full":["https:\/\/vilacuinats.cat\/wp-content\/uploads\/2024\/06\/Berenjena-chili-4.jpg",1890,1417,false],"thumbnail":["https:\/\/vilacuinats.cat\/wp-content\/uploads\/2024\/06\/Berenjena-chili-4-150x150.jpg",150,150,true],"medium":["https:\/\/vilacuinats.cat\/wp-content\/uploads\/2024\/06\/Berenjena-chili-4-300x225.jpg",300,225,true],"medium_large":["https:\/\/vilacuinats.cat\/wp-content\/uploads\/2024\/06\/Berenjena-chili-4-768x576.jpg",768,576,true],"large":["https:\/\/vilacuinats.cat\/wp-content\/uploads\/2024\/06\/Berenjena-chili-4-1024x768.jpg",1024,768,true],"1536x1536":["https:\/\/vilacuinats.cat\/wp-content\/uploads\/2024\/06\/Berenjena-chili-4-1536x1152.jpg",1536,1152,true],"2048x2048":["https:\/\/vilacuinats.cat\/wp-content\/uploads\/2024\/06\/Berenjena-chili-4.jpg",1890,1417,false],"trp-custom-language-flag":["https:\/\/vilacuinats.cat\/wp-content\/uploads\/2024\/06\/Berenjena-chili-4-16x12.jpg",16,12,true],"woocommerce_thumbnail":["https:\/\/vilacuinats.cat\/wp-content\/uploads\/2024\/06\/Berenjena-chili-4-300x300.jpg",300,300,true],"woocommerce_single":["https:\/\/vilacuinats.cat\/wp-content\/uploads\/2024\/06\/Berenjena-chili-4-600x450.jpg",600,450,true],"woocommerce_gallery_thumbnail":["https:\/\/vilacuinats.cat\/wp-content\/uploads\/2024\/06\/Berenjena-chili-4-100x100.jpg",100,100,true]},"uagb_author_info":{"display_name":"info@articagency.com","author_link":"https:\/\/vilacuinats.cat\/es\/author\/"},"uagb_comment_info":0,"uagb_excerpt":"Alberg\u00ednia, chili amb carn (carn magra de porc, tom\u00e0quet triturat (tom\u00e0quet, oli de gira-sol, sucre, mid\u00f3 de blat de moro modificat, sal, acidulant (\u00e0cid c\u00edtric) i ceba), cervesa (aigua, malt de CEBADA, blat de moro, arr\u00f2s i ll\u00fapol), ceba, salsa xili dol\u00e7a (sucre, aigua, xili, sal, all, mid\u00f3 modificat, corrector d'acidesa (\u00e0cid ac\u00e8tic) i espessidor&hellip;","_links":{"self":[{"href":"https:\/\/vilacuinats.cat\/es\/wp-json\/wp\/v2\/product\/2907","targetHints":{"allow":["GET"]}}],"collection":[{"href":"https:\/\/vilacuinats.cat\/es\/wp-json\/wp\/v2\/product"}],"about":[{"href":"https:\/\/vilacuinats.cat\/es\/wp-json\/wp\/v2\/types\/product"}],"wp:featuredmedia":[{"embeddable":true,"href":"https:\/\/vilacuinats.cat\/es\/wp-json\/wp\/v2\/media\/3214"}],"wp:attachment":[{"href":"https:\/\/vilacuinats.cat\/es\/wp-json\/wp\/v2\/media?parent=2907"}],"wp:term":[{"taxonomy":"product_brand","embeddable":true,"href":"https:\/\/vilacuinats.cat\/es\/wp-json\/wp\/v2\/product_brand?post=2907"},{"taxonomy":"product_cat","embeddable":true,"href":"https:\/\/vilacuinats.cat\/es\/wp-json\/wp\/v2\/product_cat?post=2907"},{"taxonomy":"product_tag","embeddable":true,"href":"https:\/\/vilacuinats.cat\/es\/wp-json\/wp\/v2\/product_tag?post=2907"}],"curies":[{"name":"wp","href":"https:\/\/api.w.org\/{rel}","templated":true}]}}