{"id":2905,"date":"2024-06-05T10:14:52","date_gmt":"2024-06-05T09:14:52","guid":{"rendered":"https:\/\/vilacuinats.cat\/?post_type=product&#038;p=2905"},"modified":"2024-11-06T10:38:36","modified_gmt":"2024-11-06T09:38:36","slug":"fideua-con-sepia-ca8","status":"publish","type":"product","link":"https:\/\/vilacuinats.cat\/es\/producto\/fideua-con-sepia-ca8\/","title":{"rendered":"Fideua con sepia"},"content":{"rendered":"<p>113,77 <span style=\"font-size: 16px;\">kcal por cada 100g<\/span><\/p>\n<p>Descubre una exquisita receta tradicional de Fideua con sepia. Disfruta de la combinaci\u00f3n perfecta de sabores y texturas. \u00a1Pru\u00e9balo hoy!<\/p>","protected":false},"excerpt":{"rendered":"<p>Fideo (harina de TRIGO duro). Puede contener trazas de OU, cebolla, POTON (dosidicus gigas) (POT\u00d3, agua, sal, antioxidante (E-330) y (E-331) y levadura (E-501)), tomate frito (tomate, aceite de girasol, az\u00facar, almid\u00f3n de ma\u00edz modificado, sal, brote rojo, GAMBA langostinera (langostino argentino y antioxidante (metabioSULFITO)), aceite de girasol refinado y winterizado alto oleico, sal, caldo PESCADO (sal, maltodextrinas, potenciador del sabor (glutamato monos\u00f3dico), PESCADO, cebolla, aceite de gira-. STACIS y MOLUSCOS), ajo y agua potable<\/p>","protected":false},"featured_media":3218,"template":"","meta":{"inline_featured_image":false,"_uag_custom_page_level_css":"","site-sidebar-layout":"default","site-content-layout":"","ast-site-content-layout":"default","site-content-style":"default","site-sidebar-style":"default","ast-global-header-display":"","ast-banner-title-visibility":"","ast-main-header-display":"","ast-hfb-above-header-display":"","ast-hfb-below-header-display":"","ast-hfb-mobile-header-display":"","site-post-title":"","ast-breadcrumbs-content":"","ast-featured-img":"","footer-sml-layout":"","ast-disable-related-posts":"","theme-transparent-header-meta":"default","adv-header-id-meta":"","stick-header-meta":"","header-above-stick-meta":"","header-main-stick-meta":"","header-below-stick-meta":"","astra-migrate-meta-layouts":"set","ast-page-background-enabled":"default","ast-page-background-meta":{"desktop":{"background-color":"","background-image":"","background-repeat":"repeat","background-position":"center center","background-size":"auto","background-attachment":"scroll","background-type":"","background-media":"","overlay-type":"","overlay-color":"","overlay-opacity":"","overlay-gradient":""},"tablet":{"background-color":"","background-image":"","background-repeat":"repeat","background-position":"center center","background-size":"auto","background-attachment":"scroll","background-type":"","background-media":"","overlay-type":"","overlay-color":"","overlay-opacity":"","overlay-gradient":""},"mobile":{"background-color":"","background-image":"","background-repeat":"repeat","background-position":"center center","background-size":"auto","background-attachment":"scroll","background-type":"","background-media":"","overlay-type":"","overlay-color":"","overlay-opacity":"","overlay-gradient":""}},"ast-content-background-meta":{"desktop":{"background-color":"var(--ast-global-color-5)","background-image":"","background-repeat":"repeat","background-position":"center center","background-size":"auto","background-attachment":"scroll","background-type":"","background-media":"","overlay-type":"","overlay-color":"","overlay-opacity":"","overlay-gradient":""},"tablet":{"background-color":"var(--ast-global-color-5)","background-image":"","background-repeat":"repeat","background-position":"center center","background-size":"auto","background-attachment":"scroll","background-type":"","background-media":"","overlay-type":"","overlay-color":"","overlay-opacity":"","overlay-gradient":""},"mobile":{"background-color":"var(--ast-global-color-5)","background-image":"","background-repeat":"repeat","background-position":"center center","background-size":"auto","background-attachment":"scroll","background-type":"","background-media":"","overlay-type":"","overlay-color":"","overlay-opacity":"","overlay-gradient":""}}},"product_brand":[],"product_cat":[15],"product_tag":[],"class_list":{"0":"post-2905","1":"product","2":"type-product","3":"status-publish","4":"has-post-thumbnail","6":"product_cat-uncategorized","7":"desktop-align-left","8":"tablet-align-left","9":"mobile-align-left","11":"first","12":"instock","13":"taxable","14":"shipping-taxable","15":"purchasable","16":"product-type-simple"},"uagb_featured_image_src":{"full":["https:\/\/vilacuinats.cat\/wp-content\/uploads\/2024\/06\/Fideua-4.jpg",1890,1417,false],"thumbnail":["https:\/\/vilacuinats.cat\/wp-content\/uploads\/2024\/06\/Fideua-4-150x150.jpg",150,150,true],"medium":["https:\/\/vilacuinats.cat\/wp-content\/uploads\/2024\/06\/Fideua-4-300x225.jpg",300,225,true],"medium_large":["https:\/\/vilacuinats.cat\/wp-content\/uploads\/2024\/06\/Fideua-4-768x576.jpg",768,576,true],"large":["https:\/\/vilacuinats.cat\/wp-content\/uploads\/2024\/06\/Fideua-4-1024x768.jpg",1024,768,true],"1536x1536":["https:\/\/vilacuinats.cat\/wp-content\/uploads\/2024\/06\/Fideua-4-1536x1152.jpg",1536,1152,true],"2048x2048":["https:\/\/vilacuinats.cat\/wp-content\/uploads\/2024\/06\/Fideua-4.jpg",1890,1417,false],"trp-custom-language-flag":["https:\/\/vilacuinats.cat\/wp-content\/uploads\/2024\/06\/Fideua-4-16x12.jpg",16,12,true],"woocommerce_thumbnail":["https:\/\/vilacuinats.cat\/wp-content\/uploads\/2024\/06\/Fideua-4-300x300.jpg",300,300,true],"woocommerce_single":["https:\/\/vilacuinats.cat\/wp-content\/uploads\/2024\/06\/Fideua-4-600x450.jpg",600,450,true],"woocommerce_gallery_thumbnail":["https:\/\/vilacuinats.cat\/wp-content\/uploads\/2024\/06\/Fideua-4-100x100.jpg",100,100,true]},"uagb_author_info":{"display_name":"info@articagency.com","author_link":"https:\/\/vilacuinats.cat\/es\/author\/"},"uagb_comment_info":0,"uagb_excerpt":"Fideu (farina de BLAT dur). Pot contenir traces d'OU, ceba, POTON (dosidicus gigues) (POT\u00d3, aigua, sal, antioxidant (E-330) i (E-331) i llevat (E-501)), tom\u00e0quet fregit (tom\u00e0quet, oli de gira-sol, sucre, mid\u00f3 de blat de moro modificat, sal, acidulant (\u00e0cid c\u00edtric) i ceba), pebrot verd, pebrot vermell, GAMBA llagostinera (langost\u00ed argent\u00ed i antioxidant (metabiSULFITO)), oli de&hellip;","_links":{"self":[{"href":"https:\/\/vilacuinats.cat\/es\/wp-json\/wp\/v2\/product\/2905","targetHints":{"allow":["GET"]}}],"collection":[{"href":"https:\/\/vilacuinats.cat\/es\/wp-json\/wp\/v2\/product"}],"about":[{"href":"https:\/\/vilacuinats.cat\/es\/wp-json\/wp\/v2\/types\/product"}],"wp:featuredmedia":[{"embeddable":true,"href":"https:\/\/vilacuinats.cat\/es\/wp-json\/wp\/v2\/media\/3218"}],"wp:attachment":[{"href":"https:\/\/vilacuinats.cat\/es\/wp-json\/wp\/v2\/media?parent=2905"}],"wp:term":[{"taxonomy":"product_brand","embeddable":true,"href":"https:\/\/vilacuinats.cat\/es\/wp-json\/wp\/v2\/product_brand?post=2905"},{"taxonomy":"product_cat","embeddable":true,"href":"https:\/\/vilacuinats.cat\/es\/wp-json\/wp\/v2\/product_cat?post=2905"},{"taxonomy":"product_tag","embeddable":true,"href":"https:\/\/vilacuinats.cat\/es\/wp-json\/wp\/v2\/product_tag?post=2905"}],"curies":[{"name":"wp","href":"https:\/\/api.w.org\/{rel}","templated":true}]}}