{"id":2899,"date":"2024-06-05T09:21:33","date_gmt":"2024-06-05T08:21:33","guid":{"rendered":"https:\/\/vilacuinats.cat\/?post_type=product&#038;p=2899"},"modified":"2024-11-06T10:38:53","modified_gmt":"2024-11-06T09:38:53","slug":"noodles-marca-pollo-ca3","status":"publish","type":"product","link":"https:\/\/vilacuinats.cat\/es\/producto\/noodles-marca-pollo-ca3\/","title":{"rendered":"Noodles yakisona con pollo al estilo oriental"},"content":{"rendered":"<p>143.61 <span style=\"font-size: 16px;\">kcal por cada 100g<\/span><\/p>\n<p>D\u00e9jate disfrutar de unos deliciosos fideos infusionados con un sabroso pollo. \u00a1Prueba nuestra exquisita receta!<\/p>","protected":false},"excerpt":{"rendered":"<div class=\"flex flex-grow flex-col max-w-full\">\n<div class=\"min-h-[20px] text-message flex flex-col items-start whitespace-pre-wrap break-words [.text-message+&amp;]:mt-5 juice:w-full juice:items-end overflow-x-auto gap-2\" dir=\"auto\" data-message-author-role=\"assistant\" data-message-id=\"2f74035e-906a-4cbd-8d84-df5105a05aeb\">\n<div class=\"flex w-full flex-col gap-1 juice:empty:hidden juice:first:pt-[3px]\">\n<div class=\"markdown prose w-full break-words dark:prose-invert light\">\n<p>Noodles-tallarines (harina de TRIGO, almid\u00f3n de tapioca, sal y correctores de la acidez (carbonato s\u00f3dico y carbonato pot\u00e1sico)), verduras pawn (br\u00f3coli, calabac\u00edn, cebolla, zanahoria, salsa pawn (aceite de girasol refinado, jengibre) , ajinomoto y ajo)), pollo karagee (pollo y salsa karagee (salsa de SOJA (agua, SOJA, TRIGO y sal)), sake (arroz, arroz fermentado, sal, zumo de uva, potenciador (\u00e1cido glut\u00e1mico), maltosa y acidulante (\u00e1cido c\u00edtrico)), jengibre, ajo y salsa sriracha (chiles, ajo, az\u00facar, sal, vinagre y estabilizador (goma xantana))), salsa yakisoba (vinagre, jarabe de ma\u00edz de alta fructosa, frutas y verduras (tomate, cebolla, manzana, zanahoria, melocot\u00f3n, d\u00e1til, naranja y agua), az\u00facar, salsa de SOJA (SOJA y TRIGO ), sal, prote\u00edna de SOJA, color caramelo, almid\u00f3n modificado, potenciador del sabor (E-621, E-631 y E-627), especias, extracto de OSTRA, de levadura, de pollo, de PESCADO, de VIEIRA, de cerdo, de GAMBAS, de setas, goma de semilla de tamarindo, antioxidante E340i y alga laminera), salsa miren (fructosa, arroz glutinoso, levadura de arroz, az\u00facar, vinagre, sal y potenciador del sabor (E-640, E-330, DL-alanina, E-631 y E-627)), salsa mirin (fructosa, arroz glutinoso, salvo arroz, agua, az\u00facar, vinagre, sal y potenciador del sabor (E-640, E-330, DL-alanina, E-631 y E-627)), salsa kimchi (agua, zanahoria, vinagre de arroz, sal, chile en polvo, manzana, ajo, pimienta, jengibre, az\u00facar, potenciador del sabor (glutamato monos\u00f3dico), antioxidante (\u00e1cido c\u00edtrico ) y espesante (goma xantana)) y sazonador en polvo (az\u00facar, dextrosa, sal, salsa worcestershire en polvo (salsa woncestershire (melaza, vinagre, jarabe de ma\u00edz, sal, especias (APIO), colorante (E150d), az\u00facar, tamarindo, aroma), maltodextrina), colorante (caramelo natural))<\/p>\n<\/div>\n<\/div>\n<\/div>\n<\/div>","protected":false},"featured_media":3228,"template":"","meta":{"inline_featured_image":false,"_uag_custom_page_level_css":"","site-sidebar-layout":"default","site-content-layout":"","ast-site-content-layout":"default","site-content-style":"default","site-sidebar-style":"default","ast-global-header-display":"","ast-banner-title-visibility":"","ast-main-header-display":"","ast-hfb-above-header-display":"","ast-hfb-below-header-display":"","ast-hfb-mobile-header-display":"","site-post-title":"","ast-breadcrumbs-content":"","ast-featured-img":"","footer-sml-layout":"","ast-disable-related-posts":"","theme-transparent-header-meta":"default","adv-header-id-meta":"","stick-header-meta":"","header-above-stick-meta":"","header-main-stick-meta":"","header-below-stick-meta":"","astra-migrate-meta-layouts":"set","ast-page-background-enabled":"default","ast-page-background-meta":{"desktop":{"background-color":"","background-image":"","background-repeat":"repeat","background-position":"center center","background-size":"auto","background-attachment":"scroll","background-type":"","background-media":"","overlay-type":"","overlay-color":"","overlay-opacity":"","overlay-gradient":""},"tablet":{"background-color":"","background-image":"","background-repeat":"repeat","background-position":"center center","background-size":"auto","background-attachment":"scroll","background-type":"","background-media":"","overlay-type":"","overlay-color":"","overlay-opacity":"","overlay-gradient":""},"mobile":{"background-color":"","background-image":"","background-repeat":"repeat","background-position":"center center","background-size":"auto","background-attachment":"scroll","background-type":"","background-media":"","overlay-type":"","overlay-color":"","overlay-opacity":"","overlay-gradient":""}},"ast-content-background-meta":{"desktop":{"background-color":"var(--ast-global-color-5)","background-image":"","background-repeat":"repeat","background-position":"center center","background-size":"auto","background-attachment":"scroll","background-type":"","background-media":"","overlay-type":"","overlay-color":"","overlay-opacity":"","overlay-gradient":""},"tablet":{"background-color":"var(--ast-global-color-5)","background-image":"","background-repeat":"repeat","background-position":"center center","background-size":"auto","background-attachment":"scroll","background-type":"","background-media":"","overlay-type":"","overlay-color":"","overlay-opacity":"","overlay-gradient":""},"mobile":{"background-color":"var(--ast-global-color-5)","background-image":"","background-repeat":"repeat","background-position":"center center","background-size":"auto","background-attachment":"scroll","background-type":"","background-media":"","overlay-type":"","overlay-color":"","overlay-opacity":"","overlay-gradient":""}}},"product_brand":[],"product_cat":[35],"product_tag":[],"class_list":{"0":"post-2899","1":"product","2":"type-product","3":"status-publish","4":"has-post-thumbnail","6":"product_cat-plats-del-mes","7":"desktop-align-left","8":"tablet-align-left","9":"mobile-align-left","11":"first","12":"instock","13":"taxable","14":"shipping-taxable","15":"purchasable","16":"product-type-simple"},"uagb_featured_image_src":{"full":["https:\/\/vilacuinats.cat\/wp-content\/uploads\/2024\/06\/Noodels-2.jpg",1890,1417,false],"thumbnail":["https:\/\/vilacuinats.cat\/wp-content\/uploads\/2024\/06\/Noodels-2-150x150.jpg",150,150,true],"medium":["https:\/\/vilacuinats.cat\/wp-content\/uploads\/2024\/06\/Noodels-2-300x225.jpg",300,225,true],"medium_large":["https:\/\/vilacuinats.cat\/wp-content\/uploads\/2024\/06\/Noodels-2-768x576.jpg",768,576,true],"large":["https:\/\/vilacuinats.cat\/wp-content\/uploads\/2024\/06\/Noodels-2-1024x768.jpg",1024,768,true],"1536x1536":["https:\/\/vilacuinats.cat\/wp-content\/uploads\/2024\/06\/Noodels-2-1536x1152.jpg",1536,1152,true],"2048x2048":["https:\/\/vilacuinats.cat\/wp-content\/uploads\/2024\/06\/Noodels-2.jpg",1890,1417,false],"trp-custom-language-flag":["https:\/\/vilacuinats.cat\/wp-content\/uploads\/2024\/06\/Noodels-2-16x12.jpg",16,12,true],"woocommerce_thumbnail":["https:\/\/vilacuinats.cat\/wp-content\/uploads\/2024\/06\/Noodels-2-300x300.jpg",300,300,true],"woocommerce_single":["https:\/\/vilacuinats.cat\/wp-content\/uploads\/2024\/06\/Noodels-2-600x450.jpg",600,450,true],"woocommerce_gallery_thumbnail":["https:\/\/vilacuinats.cat\/wp-content\/uploads\/2024\/06\/Noodels-2-100x100.jpg",100,100,true]},"uagb_author_info":{"display_name":"info@articagency.com","author_link":"https:\/\/vilacuinats.cat\/es\/author\/"},"uagb_comment_info":0,"uagb_excerpt":"Noodles-tallarins (farina de BLAT, mid\u00f3 de tapioca, sal i correctors de l'acidesa (carbonat s\u00f2dic i carbonat pot\u00e0ssic)), verdures pawn (br\u00f2quil, carbass\u00f3, ceba, pastanaga, salsa pawn (oli de gira-sol refinat, gingebre, ajinomoto i all)), pollastre karagee (pollastre i salsa karagee (salsa de SOJA (aigua, SOJA, BLAT i sal)), sake (arr\u00f2s, arr\u00f2s fermentat, sal, suc de ra\u00efm,&hellip;","_links":{"self":[{"href":"https:\/\/vilacuinats.cat\/es\/wp-json\/wp\/v2\/product\/2899","targetHints":{"allow":["GET"]}}],"collection":[{"href":"https:\/\/vilacuinats.cat\/es\/wp-json\/wp\/v2\/product"}],"about":[{"href":"https:\/\/vilacuinats.cat\/es\/wp-json\/wp\/v2\/types\/product"}],"wp:featuredmedia":[{"embeddable":true,"href":"https:\/\/vilacuinats.cat\/es\/wp-json\/wp\/v2\/media\/3228"}],"wp:attachment":[{"href":"https:\/\/vilacuinats.cat\/es\/wp-json\/wp\/v2\/media?parent=2899"}],"wp:term":[{"taxonomy":"product_brand","embeddable":true,"href":"https:\/\/vilacuinats.cat\/es\/wp-json\/wp\/v2\/product_brand?post=2899"},{"taxonomy":"product_cat","embeddable":true,"href":"https:\/\/vilacuinats.cat\/es\/wp-json\/wp\/v2\/product_cat?post=2899"},{"taxonomy":"product_tag","embeddable":true,"href":"https:\/\/vilacuinats.cat\/es\/wp-json\/wp\/v2\/product_tag?post=2899"}],"curies":[{"name":"wp","href":"https:\/\/api.w.org\/{rel}","templated":true}]}}