{"id":2894,"date":"2024-06-04T15:28:29","date_gmt":"2024-06-04T14:28:29","guid":{"rendered":"https:\/\/vilacuinats.cat\/?post_type=product&#038;p=2894"},"modified":"2024-11-06T10:39:19","modified_gmt":"2024-11-06T09:39:19","slug":"taquitos-de-pollo-al-curry-ca5","status":"publish","type":"product","link":"https:\/\/vilacuinats.cat\/es\/producto\/taquitos-de-pollo-al-curry-ca5\/","title":{"rendered":"Dados de pollo al curry"},"content":{"rendered":"<p>255.90 <span style=\"font-size: 16px;\">kcal por cada 100g.<\/span><\/p>\n<p>Disfruta de tierno pollo marinado en sabroso curry, servido en taquitos. Prueba esta exquisita receta de VilaCuinats.cat. \u00a1Perfecta para cualquier ocasi\u00f3n!<\/p>\n<p>&nbsp;<\/p>","protected":false},"excerpt":{"rendered":"<p>Contramuslo de pollo, LECHE, nata (LECHE y prote\u00ednas de la LECHE), cebolla frita (cebolla y aceite de girasol refinado e invernizado alto oleico), harina de TRIGO, aceite de girasol refinado e invernizado alto oleico, sal, curry molido (c\u00farcuma, clavo, sal, comino, cilantro, canela, harina de ma\u00edz, cayena y otras especias), caldo de pollo (sal, maltodextrina, potenciadores del sabor (glutamato monos\u00f3dico, inosinato y guanilato dis\u00f3dicos), aromas, cebolla, aceite de girasol, grasa de pollo, pollo, especias y antioxidantes (extracto de romero)), especias, agua potable<\/p>","protected":false},"featured_media":3239,"template":"","meta":{"inline_featured_image":false,"_uag_custom_page_level_css":"","site-sidebar-layout":"default","site-content-layout":"","ast-site-content-layout":"default","site-content-style":"default","site-sidebar-style":"default","ast-global-header-display":"","ast-banner-title-visibility":"","ast-main-header-display":"","ast-hfb-above-header-display":"","ast-hfb-below-header-display":"","ast-hfb-mobile-header-display":"","site-post-title":"","ast-breadcrumbs-content":"","ast-featured-img":"","footer-sml-layout":"","ast-disable-related-posts":"","theme-transparent-header-meta":"default","adv-header-id-meta":"","stick-header-meta":"","header-above-stick-meta":"","header-main-stick-meta":"","header-below-stick-meta":"","astra-migrate-meta-layouts":"set","ast-page-background-enabled":"default","ast-page-background-meta":{"desktop":{"background-color":"","background-image":"","background-repeat":"repeat","background-position":"center center","background-size":"auto","background-attachment":"scroll","background-type":"","background-media":"","overlay-type":"","overlay-color":"","overlay-opacity":"","overlay-gradient":""},"tablet":{"background-color":"","background-image":"","background-repeat":"repeat","background-position":"center center","background-size":"auto","background-attachment":"scroll","background-type":"","background-media":"","overlay-type":"","overlay-color":"","overlay-opacity":"","overlay-gradient":""},"mobile":{"background-color":"","background-image":"","background-repeat":"repeat","background-position":"center center","background-size":"auto","background-attachment":"scroll","background-type":"","background-media":"","overlay-type":"","overlay-color":"","overlay-opacity":"","overlay-gradient":""}},"ast-content-background-meta":{"desktop":{"background-color":"var(--ast-global-color-5)","background-image":"","background-repeat":"repeat","background-position":"center center","background-size":"auto","background-attachment":"scroll","background-type":"","background-media":"","overlay-type":"","overlay-color":"","overlay-opacity":"","overlay-gradient":""},"tablet":{"background-color":"var(--ast-global-color-5)","background-image":"","background-repeat":"repeat","background-position":"center center","background-size":"auto","background-attachment":"scroll","background-type":"","background-media":"","overlay-type":"","overlay-color":"","overlay-opacity":"","overlay-gradient":""},"mobile":{"background-color":"var(--ast-global-color-5)","background-image":"","background-repeat":"repeat","background-position":"center center","background-size":"auto","background-attachment":"scroll","background-type":"","background-media":"","overlay-type":"","overlay-color":"","overlay-opacity":"","overlay-gradient":""}}},"product_brand":[],"product_cat":[35],"product_tag":[],"class_list":{"0":"post-2894","1":"product","2":"type-product","3":"status-publish","4":"has-post-thumbnail","6":"product_cat-plats-del-mes","7":"desktop-align-left","8":"tablet-align-left","9":"mobile-align-left","11":"first","12":"instock","13":"taxable","14":"shipping-taxable","15":"purchasable","16":"product-type-simple"},"uagb_featured_image_src":{"full":["https:\/\/vilacuinats.cat\/wp-content\/uploads\/2024\/06\/Taquitos-de-pollo-4.jpg",1890,1417,false],"thumbnail":["https:\/\/vilacuinats.cat\/wp-content\/uploads\/2024\/06\/Taquitos-de-pollo-4-150x150.jpg",150,150,true],"medium":["https:\/\/vilacuinats.cat\/wp-content\/uploads\/2024\/06\/Taquitos-de-pollo-4-300x225.jpg",300,225,true],"medium_large":["https:\/\/vilacuinats.cat\/wp-content\/uploads\/2024\/06\/Taquitos-de-pollo-4-768x576.jpg",768,576,true],"large":["https:\/\/vilacuinats.cat\/wp-content\/uploads\/2024\/06\/Taquitos-de-pollo-4-1024x768.jpg",1024,768,true],"1536x1536":["https:\/\/vilacuinats.cat\/wp-content\/uploads\/2024\/06\/Taquitos-de-pollo-4-1536x1152.jpg",1536,1152,true],"2048x2048":["https:\/\/vilacuinats.cat\/wp-content\/uploads\/2024\/06\/Taquitos-de-pollo-4.jpg",1890,1417,false],"trp-custom-language-flag":["https:\/\/vilacuinats.cat\/wp-content\/uploads\/2024\/06\/Taquitos-de-pollo-4-16x12.jpg",16,12,true],"woocommerce_thumbnail":["https:\/\/vilacuinats.cat\/wp-content\/uploads\/2024\/06\/Taquitos-de-pollo-4-300x300.jpg",300,300,true],"woocommerce_single":["https:\/\/vilacuinats.cat\/wp-content\/uploads\/2024\/06\/Taquitos-de-pollo-4-600x450.jpg",600,450,true],"woocommerce_gallery_thumbnail":["https:\/\/vilacuinats.cat\/wp-content\/uploads\/2024\/06\/Taquitos-de-pollo-4-100x100.jpg",100,100,true]},"uagb_author_info":{"display_name":"info@articagency.com","author_link":"https:\/\/vilacuinats.cat\/es\/author\/"},"uagb_comment_info":0,"uagb_excerpt":"Contracuixa de pollastre, LLET, nata (LLET i prote\u00efnes de la LLET), ceba fregida (ceba i oli de gira-sol refinat i hivernitzat alt oleic), farina de BLAT, oli de gira-sol refinat i hivernitzat alt oleic, sal, curri m\u00f2lt (c\u00farcuma, clau, sal, com\u00ed, coriandre, canyella, farina de blat de moro, caiena i altres esp\u00e8cies), brou de pollastre&hellip;","_links":{"self":[{"href":"https:\/\/vilacuinats.cat\/es\/wp-json\/wp\/v2\/product\/2894","targetHints":{"allow":["GET"]}}],"collection":[{"href":"https:\/\/vilacuinats.cat\/es\/wp-json\/wp\/v2\/product"}],"about":[{"href":"https:\/\/vilacuinats.cat\/es\/wp-json\/wp\/v2\/types\/product"}],"wp:featuredmedia":[{"embeddable":true,"href":"https:\/\/vilacuinats.cat\/es\/wp-json\/wp\/v2\/media\/3239"}],"wp:attachment":[{"href":"https:\/\/vilacuinats.cat\/es\/wp-json\/wp\/v2\/media?parent=2894"}],"wp:term":[{"taxonomy":"product_brand","embeddable":true,"href":"https:\/\/vilacuinats.cat\/es\/wp-json\/wp\/v2\/product_brand?post=2894"},{"taxonomy":"product_cat","embeddable":true,"href":"https:\/\/vilacuinats.cat\/es\/wp-json\/wp\/v2\/product_cat?post=2894"},{"taxonomy":"product_tag","embeddable":true,"href":"https:\/\/vilacuinats.cat\/es\/wp-json\/wp\/v2\/product_tag?post=2894"}],"curies":[{"name":"wp","href":"https:\/\/api.w.org\/{rel}","templated":true}]}}