{"id":2866,"date":"2024-06-04T05:57:51","date_gmt":"2024-06-04T04:57:51","guid":{"rendered":"https:\/\/vilacuinats.cat\/?post_type=product&#038;p=2866"},"modified":"2024-11-06T10:39:41","modified_gmt":"2024-11-06T09:39:41","slug":"albondigas-de-pollo-con-salsa-de-almendras-ca9","status":"publish","type":"product","link":"https:\/\/vilacuinats.cat\/es\/producto\/albondigas-de-pollo-con-salsa-de-almendras-ca9\/","title":{"rendered":"Alb\u00f3ndigas de pollo con salsa de almendras y arroz"},"content":{"rendered":"<div class=\"page\" title=\"Page 1\">\n<div class=\"layoutArea\">\n<div class=\"column\">\n<p>190.25 <span style=\"font-size: 16px;\">kcal por cada 100g<\/span><\/p>\n<\/div>\n<p>Alb\u00f3ndigas de pollo marcadas a fuego fuerte. Salsa de almendras con cebolla y ajo dorados. Cocinamos lentamente con caldo de pollo hasta la perfecci\u00f3n. Servimos con arroz blanco y almendras tostadas. \u00a1Delicioso!<\/p>\n<\/div>\n<\/div>","protected":false},"excerpt":{"rendered":"<p>Mandonguilles de pollastre (carn de pollastre (91%), all i julivert, sal, pa ratllat (farina de BLAT), prote\u00efna de SOJA i esp\u00e8cies)<br \/>\nnaturals (canyella). LLET, aigua potable, nata (LLET i prote\u00efnes de la LLET), tom\u00e0quet fregit (tom\u00e0quet, oli de gira-sol, sucre, mid\u00f3 de blat de moro modificat, sal, acidulant (\u00e0cid c\u00edtric) i ceba), AMETLLA, oli per fregir (olis refinats de gira-sol i gira-sol alt oleic, antioxidants (E-304, E-306 i E-310) i antiescumant (E-900)), vi blanc (vi blanc i antioxidant (SUFLITS)), oli de gira-sol refinat i winteritzat alt oleic, sal, all, herbes arom\u00e0tiques.<\/p>","protected":false},"featured_media":3250,"template":"","meta":{"inline_featured_image":false,"_uag_custom_page_level_css":"","site-sidebar-layout":"default","site-content-layout":"","ast-site-content-layout":"default","site-content-style":"default","site-sidebar-style":"default","ast-global-header-display":"","ast-banner-title-visibility":"","ast-main-header-display":"","ast-hfb-above-header-display":"","ast-hfb-below-header-display":"","ast-hfb-mobile-header-display":"","site-post-title":"","ast-breadcrumbs-content":"","ast-featured-img":"","footer-sml-layout":"","ast-disable-related-posts":"","theme-transparent-header-meta":"default","adv-header-id-meta":"","stick-header-meta":"","header-above-stick-meta":"","header-main-stick-meta":"","header-below-stick-meta":"","astra-migrate-meta-layouts":"set","ast-page-background-enabled":"default","ast-page-background-meta":{"desktop":{"background-color":"","background-image":"","background-repeat":"repeat","background-position":"center center","background-size":"auto","background-attachment":"scroll","background-type":"","background-media":"","overlay-type":"","overlay-color":"","overlay-opacity":"","overlay-gradient":""},"tablet":{"background-color":"","background-image":"","background-repeat":"repeat","background-position":"center center","background-size":"auto","background-attachment":"scroll","background-type":"","background-media":"","overlay-type":"","overlay-color":"","overlay-opacity":"","overlay-gradient":""},"mobile":{"background-color":"","background-image":"","background-repeat":"repeat","background-position":"center center","background-size":"auto","background-attachment":"scroll","background-type":"","background-media":"","overlay-type":"","overlay-color":"","overlay-opacity":"","overlay-gradient":""}},"ast-content-background-meta":{"desktop":{"background-color":"var(--ast-global-color-5)","background-image":"","background-repeat":"repeat","background-position":"center center","background-size":"auto","background-attachment":"scroll","background-type":"","background-media":"","overlay-type":"","overlay-color":"","overlay-opacity":"","overlay-gradient":""},"tablet":{"background-color":"var(--ast-global-color-5)","background-image":"","background-repeat":"repeat","background-position":"center center","background-size":"auto","background-attachment":"scroll","background-type":"","background-media":"","overlay-type":"","overlay-color":"","overlay-opacity":"","overlay-gradient":""},"mobile":{"background-color":"var(--ast-global-color-5)","background-image":"","background-repeat":"repeat","background-position":"center center","background-size":"auto","background-attachment":"scroll","background-type":"","background-media":"","overlay-type":"","overlay-color":"","overlay-opacity":"","overlay-gradient":""}}},"product_brand":[],"product_cat":[35],"product_tag":[],"class_list":{"0":"post-2866","1":"product","2":"type-product","3":"status-publish","4":"has-post-thumbnail","6":"product_cat-plats-del-mes","7":"desktop-align-left","8":"tablet-align-left","9":"mobile-align-left","11":"first","12":"instock","13":"taxable","14":"shipping-taxable","15":"purchasable","16":"product-type-simple"},"uagb_featured_image_src":{"full":["https:\/\/vilacuinats.cat\/wp-content\/uploads\/2024\/06\/Albondigas-pollo-con-arroz-2.jpg",1890,1417,false],"thumbnail":["https:\/\/vilacuinats.cat\/wp-content\/uploads\/2024\/06\/Albondigas-pollo-con-arroz-2-150x150.jpg",150,150,true],"medium":["https:\/\/vilacuinats.cat\/wp-content\/uploads\/2024\/06\/Albondigas-pollo-con-arroz-2-300x225.jpg",300,225,true],"medium_large":["https:\/\/vilacuinats.cat\/wp-content\/uploads\/2024\/06\/Albondigas-pollo-con-arroz-2-768x576.jpg",768,576,true],"large":["https:\/\/vilacuinats.cat\/wp-content\/uploads\/2024\/06\/Albondigas-pollo-con-arroz-2-1024x768.jpg",1024,768,true],"1536x1536":["https:\/\/vilacuinats.cat\/wp-content\/uploads\/2024\/06\/Albondigas-pollo-con-arroz-2-1536x1152.jpg",1536,1152,true],"2048x2048":["https:\/\/vilacuinats.cat\/wp-content\/uploads\/2024\/06\/Albondigas-pollo-con-arroz-2.jpg",1890,1417,false],"trp-custom-language-flag":["https:\/\/vilacuinats.cat\/wp-content\/uploads\/2024\/06\/Albondigas-pollo-con-arroz-2-16x12.jpg",16,12,true],"woocommerce_thumbnail":["https:\/\/vilacuinats.cat\/wp-content\/uploads\/2024\/06\/Albondigas-pollo-con-arroz-2-300x300.jpg",300,300,true],"woocommerce_single":["https:\/\/vilacuinats.cat\/wp-content\/uploads\/2024\/06\/Albondigas-pollo-con-arroz-2-600x450.jpg",600,450,true],"woocommerce_gallery_thumbnail":["https:\/\/vilacuinats.cat\/wp-content\/uploads\/2024\/06\/Albondigas-pollo-con-arroz-2-100x100.jpg",100,100,true]},"uagb_author_info":{"display_name":"info@articagency.com","author_link":"https:\/\/vilacuinats.cat\/es\/author\/"},"uagb_comment_info":0,"uagb_excerpt":"Mandonguilles de pollastre (carn de pollastre (91%), all i julivert, sal, pa ratllat (farina de BLAT), prote\u00efna de SOJA i esp\u00e8cies) naturals (canyella). LLET, aigua potable, nata (LLET i prote\u00efnes de la LLET), tom\u00e0quet fregit (tom\u00e0quet, oli de gira-sol, sucre, mid\u00f3 de blat de moro modificat, sal, acidulant (\u00e0cid c\u00edtric) i ceba), AMETLLA, oli per&hellip;","_links":{"self":[{"href":"https:\/\/vilacuinats.cat\/es\/wp-json\/wp\/v2\/product\/2866","targetHints":{"allow":["GET"]}}],"collection":[{"href":"https:\/\/vilacuinats.cat\/es\/wp-json\/wp\/v2\/product"}],"about":[{"href":"https:\/\/vilacuinats.cat\/es\/wp-json\/wp\/v2\/types\/product"}],"wp:featuredmedia":[{"embeddable":true,"href":"https:\/\/vilacuinats.cat\/es\/wp-json\/wp\/v2\/media\/3250"}],"wp:attachment":[{"href":"https:\/\/vilacuinats.cat\/es\/wp-json\/wp\/v2\/media?parent=2866"}],"wp:term":[{"taxonomy":"product_brand","embeddable":true,"href":"https:\/\/vilacuinats.cat\/es\/wp-json\/wp\/v2\/product_brand?post=2866"},{"taxonomy":"product_cat","embeddable":true,"href":"https:\/\/vilacuinats.cat\/es\/wp-json\/wp\/v2\/product_cat?post=2866"},{"taxonomy":"product_tag","embeddable":true,"href":"https:\/\/vilacuinats.cat\/es\/wp-json\/wp\/v2\/product_tag?post=2866"}],"curies":[{"name":"wp","href":"https:\/\/api.w.org\/{rel}","templated":true}]}}