{"id":2808,"date":"2024-05-30T13:30:06","date_gmt":"2024-05-30T12:30:06","guid":{"rendered":"https:\/\/vilacuinats.cat\/?page_id=2808"},"modified":"2024-11-06T09:07:45","modified_gmt":"2024-11-06T08:07:45","slug":"valores-es","status":"publish","type":"page","link":"https:\/\/vilacuinats.cat\/es\/valores-es\/","title":{"rendered":"Valores"},"content":{"rendered":"<div data-elementor-type=\"wp-page\" data-elementor-id=\"2808\" class=\"elementor elementor-2808\" data-elementor-post-type=\"page\">\n\t\t\t\t\t\t<section class=\"elementor-section elementor-top-section elementor-element elementor-element-6c143a4 elementor-section-content-middle elementor-reverse-tablet elementor-section-boxed elementor-section-height-default elementor-section-height-default\" data-id=\"6c143a4\" data-element_type=\"section\" data-settings=\"{&quot;background_background&quot;:&quot;gradient&quot;}\">\n\t\t\t\t\t\t\t<div class=\"elementor-background-overlay\"><\/div>\n\t\t\t\t\t\t\t<div class=\"elementor-container elementor-column-gap-no\">\n\t\t\t\t\t<div class=\"elementor-column elementor-col-100 elementor-top-column elementor-element elementor-element-9133a46\" data-id=\"9133a46\" data-element_type=\"column\">\n\t\t\t<div class=\"elementor-widget-wrap elementor-element-populated\">\n\t\t\t\t\t\t<section class=\"elementor-section elementor-inner-section elementor-element elementor-element-57c5fb5 elementor-section-boxed elementor-section-height-default elementor-section-height-default\" data-id=\"57c5fb5\" data-element_type=\"section\">\n\t\t\t\t\t\t<div class=\"elementor-container elementor-column-gap-no\">\n\t\t\t\t\t<div class=\"elementor-column elementor-col-100 elementor-inner-column elementor-element elementor-element-1c5a69b\" data-id=\"1c5a69b\" data-element_type=\"column\">\n\t\t\t<div class=\"elementor-widget-wrap elementor-element-populated\">\n\t\t\t\t\t\t\t<\/div>\n\t\t<\/div>\n\t\t\t\t\t<\/div>\n\t\t<\/section>\n\t\t\t\t\t<\/div>\n\t\t<\/div>\n\t\t\t\t\t<\/div>\n\t\t<\/section>\n\t\t<div class=\"elementor-element elementor-element-103c5b38 e-flex e-con-boxed e-con e-parent\" data-id=\"103c5b38\" data-element_type=\"container\" data-settings=\"{&quot;background_background&quot;:&quot;classic&quot;}\">\n\t\t\t\t\t<div class=\"e-con-inner\">\n\t\t<div class=\"elementor-element elementor-element-71d1906b e-con-full e-flex e-con e-child\" data-id=\"71d1906b\" data-element_type=\"container\" data-settings=\"{&quot;background_background&quot;:&quot;classic&quot;}\">\n\t\t\t\t<div class=\"elementor-element elementor-element-691412c7 elementor-widget elementor-widget-image-box\" data-id=\"691412c7\" data-element_type=\"widget\" data-widget_type=\"image-box.default\">\n\t\t\t\t<div class=\"elementor-widget-container\">\n\t\t\t\t\t<div class=\"elementor-image-box-wrapper\"><div class=\"elementor-image-box-content\"><h4 class=\"elementor-image-box-title\">Tu salud y bienestar<\/h4><p class=\"elementor-image-box-description\">Creemos que una alimentaci\u00f3n equilibrada y saludable es esencial para el bienestar general. Por eso, todos nuestros platos est\u00e1n elaborados con productos de temporada, frescos y de proximidad, para asegurar que tomas lo mejor en cada bocado. Nos preocupamos por tu salud y queremos facilitarte una dieta equilibrada sin que tengas que pasar horas en la cocina.<\/p><\/div><\/div>\t\t\t\t<\/div>\n\t\t\t\t<\/div>\n\t\t\t\t<div class=\"elementor-element elementor-element-7df5aef9 elementor-widget elementor-widget-image-box\" data-id=\"7df5aef9\" data-element_type=\"widget\" data-widget_type=\"image-box.default\">\n\t\t\t\t<div class=\"elementor-widget-container\">\n\t\t\t\t\t<div class=\"elementor-image-box-wrapper\"><div class=\"elementor-image-box-content\"><h4 class=\"elementor-image-box-title\">Compromiso con el planeta<\/h4><p class=\"elementor-image-box-description\">Estamos profundamente comprometidos con la sostenibilidad y protecci\u00f3n del medio ambiente. Trabajamos con productores locales que comparten nuestra pasi\u00f3n por la tierra y los alimentos de calidad. Adem\u00e1s utilizamos recipientes biodegradables para minimizar nuestro impacto ambiental. Estimamos lo que la tierra nos da y creemos que es nuestra responsabilidad protegerla.<\/p><\/div><\/div>\t\t\t\t<\/div>\n\t\t\t\t<\/div>\n\t\t\t\t<div class=\"elementor-element elementor-element-3c975ff7 elementor-widget elementor-widget-image-box\" data-id=\"3c975ff7\" data-element_type=\"widget\" data-widget_type=\"image-box.default\">\n\t\t\t\t<div class=\"elementor-widget-container\">\n\t\t\t\t\t<div class=\"elementor-image-box-wrapper\"><div class=\"elementor-image-box-content\"><h4 class=\"elementor-image-box-title\">Apoyo a los productores locales<\/h4><p class=\"elementor-image-box-description\">Valoramos enormemente el trabajo de los agricultores y ganaderos de nuestra regi\u00f3n. Ellos son una parte esencial de nuestra actividad, proporcionando productos frescos y de alta calidad todos los d\u00edas. Al apoyar a los productores locales, no s\u00f3lo aseguramos la frescura de nuestros ingredientes, sino que tambi\u00e9n contribuimos al desarrollo y sostenibilidad de nuestra comunidad.<\/p><\/div><\/div>\t\t\t\t<\/div>\n\t\t\t\t<\/div>\n\t\t\t\t<\/div>\n\t\t<div class=\"elementor-element elementor-element-40845234 e-con-full e-flex e-con e-child\" data-id=\"40845234\" data-element_type=\"container\">\n\t\t\t\t<div class=\"elementor-element elementor-element-6d2e022f elementor-widget elementor-widget-heading\" data-id=\"6d2e022f\" data-element_type=\"widget\" data-widget_type=\"heading.default\">\n\t\t\t\t<div class=\"elementor-widget-container\">\n\t\t\t\t\t<h2 class=\"elementor-heading-title elementor-size-default\">Cocina que sale del coraz\u00f3n<\/h2>\t\t\t\t<\/div>\n\t\t\t\t<\/div>\n\t\t\t\t<div class=\"elementor-element elementor-element-1f70c288 elementor-widget elementor-widget-text-editor\" data-id=\"1f70c288\" data-element_type=\"widget\" data-widget_type=\"text-editor.default\">\n\t\t\t\t<div class=\"elementor-widget-container\">\n\t\t\t\t\t\t\t\t\t<p class=\"p1\">En Vilacuinats, nos guiamos por valores que llevamos a nuestro coraz\u00f3n y que definen qui\u00e9nes somos y c\u00f3mo trabajamos.<\/p>\t\t\t\t\t\t\t\t<\/div>\n\t\t\t\t<\/div>\n\t\t\t\t<div class=\"elementor-element elementor-element-e98ec25 elementor-widget elementor-widget-text-editor\" data-id=\"e98ec25\" data-element_type=\"widget\" data-widget_type=\"text-editor.default\">\n\t\t\t\t<div class=\"elementor-widget-container\">\n\t\t\t\t\t\t\t\t\t<p class=\"p1\">En Vilacocinados, te cocinamos y te cuidamos, desde el coraz\u00f3n. Nuestros platos \u00fanicos est\u00e1n dise\u00f1ados para ofrecerte una nutrici\u00f3n perfecta, basada en las recomendaciones de expertos en nutrici\u00f3n, para que puedas disfrutar de comidas deliciosas, equilibradas y responsables.<\/p>\t\t\t\t\t\t\t\t<\/div>\n\t\t\t\t<\/div>\n\t\t\t\t<\/div>\n\t\t\t\t\t<\/div>\n\t\t\t\t<\/div>\n\t\t\t\t<\/div>","protected":false},"excerpt":{"rendered":"<p>La teva salut i benestar Creiem que una alimentaci\u00f3 equilibrada i saludable \u00e9s essencial per al benestar general. Per aix\u00f2, tots els nostres plats estan elaborats amb productes de temporada, frescos i de proximitat, per assegurar que prens el millor en cada mos. Ens preocupem per la teva salut i volem facilitar-te una dieta equilibrada [&hellip;]<\/p>","protected":false},"author":1,"featured_media":0,"parent":0,"menu_order":0,"comment_status":"closed","ping_status":"closed","template":"","meta":{"inline_featured_image":false,"_uag_custom_page_level_css":"","site-sidebar-layout":"no-sidebar","site-content-layout":"page-builder","ast-site-content-layout":"full-width-container","site-content-style":"default","site-sidebar-style":"default","ast-global-header-display":"","ast-banner-title-visibility":"","ast-main-header-display":"","ast-hfb-above-header-display":"","ast-hfb-below-header-display":"","ast-hfb-mobile-header-display":"","site-post-title":"disabled","ast-breadcrumbs-content":"","ast-featured-img":"disabled","footer-sml-layout":"","ast-disable-related-posts":"","theme-transparent-header-meta":"","adv-header-id-meta":"","stick-header-meta":"","header-above-stick-meta":"","header-main-stick-meta":"","header-below-stick-meta":"","astra-migrate-meta-layouts":"set","ast-page-background-enabled":"default","ast-page-background-meta":{"desktop":{"background-color":"","background-image":"","background-repeat":"repeat","background-position":"center center","background-size":"auto","background-attachment":"scroll","background-type":"","background-media":"","overlay-type":"","overlay-color":"","overlay-opacity":"","overlay-gradient":""},"tablet":{"background-color":"","background-image":"","background-repeat":"repeat","background-position":"center center","background-size":"auto","background-attachment":"scroll","background-type":"","background-media":"","overlay-type":"","overlay-color":"","overlay-opacity":"","overlay-gradient":""},"mobile":{"background-color":"","background-image":"","background-repeat":"repeat","background-position":"center center","background-size":"auto","background-attachment":"scroll","background-type":"","background-media":"","overlay-type":"","overlay-color":"","overlay-opacity":"","overlay-gradient":""}},"ast-content-background-meta":{"desktop":{"background-color":"var(--ast-global-color-5)","background-image":"","background-repeat":"repeat","background-position":"center center","background-size":"auto","background-attachment":"scroll","background-type":"","background-media":"","overlay-type":"","overlay-color":"","overlay-opacity":"","overlay-gradient":""},"tablet":{"background-color":"var(--ast-global-color-5)","background-image":"","background-repeat":"repeat","background-position":"center center","background-size":"auto","background-attachment":"scroll","background-type":"","background-media":"","overlay-type":"","overlay-color":"","overlay-opacity":"","overlay-gradient":""},"mobile":{"background-color":"var(--ast-global-color-5)","background-image":"","background-repeat":"repeat","background-position":"center center","background-size":"auto","background-attachment":"scroll","background-type":"","background-media":"","overlay-type":"","overlay-color":"","overlay-opacity":"","overlay-gradient":""}},"footnotes":""},"class_list":["post-2808","page","type-page","status-publish","hentry"],"uagb_featured_image_src":{"full":false,"thumbnail":false,"medium":false,"medium_large":false,"large":false,"1536x1536":false,"2048x2048":false,"trp-custom-language-flag":false,"woocommerce_thumbnail":false,"woocommerce_single":false,"woocommerce_gallery_thumbnail":false},"uagb_author_info":{"display_name":"info@articagency.com","author_link":"https:\/\/vilacuinats.cat\/es\/author\/infoarticagency-com\/"},"uagb_comment_info":0,"uagb_excerpt":"La teva salut i benestar Creiem que una alimentaci\u00f3 equilibrada i saludable \u00e9s essencial per al benestar general. Per aix\u00f2, tots els nostres plats estan elaborats amb productes de temporada, frescos i de proximitat, per assegurar que prens el millor en cada mos. Ens preocupem per la teva salut i volem facilitar-te una dieta equilibrada&hellip;","_links":{"self":[{"href":"https:\/\/vilacuinats.cat\/es\/wp-json\/wp\/v2\/pages\/2808","targetHints":{"allow":["GET"]}}],"collection":[{"href":"https:\/\/vilacuinats.cat\/es\/wp-json\/wp\/v2\/pages"}],"about":[{"href":"https:\/\/vilacuinats.cat\/es\/wp-json\/wp\/v2\/types\/page"}],"author":[{"embeddable":true,"href":"https:\/\/vilacuinats.cat\/es\/wp-json\/wp\/v2\/users\/1"}],"replies":[{"embeddable":true,"href":"https:\/\/vilacuinats.cat\/es\/wp-json\/wp\/v2\/comments?post=2808"}],"version-history":[{"count":1,"href":"https:\/\/vilacuinats.cat\/es\/wp-json\/wp\/v2\/pages\/2808\/revisions"}],"predecessor-version":[{"id":3465,"href":"https:\/\/vilacuinats.cat\/es\/wp-json\/wp\/v2\/pages\/2808\/revisions\/3465"}],"wp:attachment":[{"href":"https:\/\/vilacuinats.cat\/es\/wp-json\/wp\/v2\/media?parent=2808"}],"curies":[{"name":"wp","href":"https:\/\/api.w.org\/{rel}","templated":true}]}}