{"id":2658,"date":"2024-04-25T13:41:16","date_gmt":"2024-04-25T12:41:16","guid":{"rendered":"https:\/\/vilacuinats.cat\/?page_id=2658"},"modified":"2024-11-06T09:07:34","modified_gmt":"2024-11-06T08:07:34","slug":"sobre-nosotros-es","status":"publish","type":"page","link":"https:\/\/vilacuinats.cat\/es\/sobre-nosotros-es\/","title":{"rendered":"Sobre nosotros"},"content":{"rendered":"<div data-elementor-type=\"wp-page\" data-elementor-id=\"2658\" class=\"elementor elementor-2658\" data-elementor-post-type=\"page\">\n\t\t\t\t\t\t<section class=\"elementor-section elementor-top-section elementor-element elementor-element-0debec1 elementor-section-content-middle elementor-reverse-tablet elementor-section-boxed elementor-section-height-default elementor-section-height-default\" data-id=\"0debec1\" data-element_type=\"section\" data-settings=\"{&quot;background_background&quot;:&quot;gradient&quot;}\">\n\t\t\t\t\t\t\t<div class=\"elementor-background-overlay\"><\/div>\n\t\t\t\t\t\t\t<div class=\"elementor-container elementor-column-gap-no\">\n\t\t\t\t\t<div class=\"elementor-column elementor-col-100 elementor-top-column elementor-element elementor-element-7df39eb\" data-id=\"7df39eb\" data-element_type=\"column\">\n\t\t\t<div class=\"elementor-widget-wrap elementor-element-populated\">\n\t\t\t\t\t\t<section class=\"elementor-section elementor-inner-section elementor-element elementor-element-aa61dbb elementor-section-boxed elementor-section-height-default elementor-section-height-default\" data-id=\"aa61dbb\" data-element_type=\"section\">\n\t\t\t\t\t\t<div class=\"elementor-container elementor-column-gap-no\">\n\t\t\t\t\t<div class=\"elementor-column elementor-col-100 elementor-inner-column elementor-element elementor-element-5ae5191\" data-id=\"5ae5191\" data-element_type=\"column\">\n\t\t\t<div class=\"elementor-widget-wrap elementor-element-populated\">\n\t\t\t\t\t\t<div class=\"elementor-element elementor-element-3b89019 elementor-widget elementor-widget-heading\" data-id=\"3b89019\" data-element_type=\"widget\" data-widget_type=\"heading.default\">\n\t\t\t\t<div class=\"elementor-widget-container\">\n\t\t\t\t\t<h1 class=\"elementor-heading-title elementor-size-default\">De nuestros productores,<br>en tu t\u00e1per<\/h1>\t\t\t\t<\/div>\n\t\t\t\t<\/div>\n\t\t\t\t\t<\/div>\n\t\t<\/div>\n\t\t\t\t\t<\/div>\n\t\t<\/section>\n\t\t\t\t\t<\/div>\n\t\t<\/div>\n\t\t\t\t\t<\/div>\n\t\t<\/section>\n\t\t\t\t<section class=\"elementor-section elementor-top-section elementor-element elementor-element-b0c6bcf elementor-section-boxed elementor-section-height-default elementor-section-height-default\" data-id=\"b0c6bcf\" data-element_type=\"section\">\n\t\t\t\t\t\t<div class=\"elementor-container elementor-column-gap-no\">\n\t\t\t\t\t<div class=\"elementor-column elementor-col-100 elementor-top-column elementor-element elementor-element-4dce7f9\" data-id=\"4dce7f9\" data-element_type=\"column\">\n\t\t\t<div class=\"elementor-widget-wrap elementor-element-populated\">\n\t\t\t\t\t\t<div class=\"elementor-element elementor-element-8ba116a elementor-widget elementor-widget-heading\" data-id=\"8ba116a\" data-element_type=\"widget\" data-widget_type=\"heading.default\">\n\t\t\t\t<div class=\"elementor-widget-container\">\n\t\t\t\t\t<h2 class=\"elementor-heading-title elementor-size-default\">De Vilamercat a Vilacocinados<\/h2>\t\t\t\t<\/div>\n\t\t\t\t<\/div>\n\t\t\t\t<div class=\"elementor-element elementor-element-f18e4fd elementor-widget-divider--view-line elementor-widget elementor-widget-divider\" data-id=\"f18e4fd\" data-element_type=\"widget\" data-widget_type=\"divider.default\">\n\t\t\t\t<div class=\"elementor-widget-container\">\n\t\t\t\t\t\t\t<div class=\"elementor-divider\">\n\t\t\t<span class=\"elementor-divider-separator\">\n\t\t\t\t\t\t<\/span>\n\t\t<\/div>\n\t\t\t\t\t\t<\/div>\n\t\t\t\t<\/div>\n\t\t\t\t<div class=\"elementor-element elementor-element-f926800 elementor-widget elementor-widget-text-editor\" data-id=\"f926800\" data-element_type=\"widget\" data-widget_type=\"text-editor.default\">\n\t\t\t\t<div class=\"elementor-widget-container\">\n\t\t\t\t\t\t\t\t\t<p><span style=\"font-weight: 400;\">Vilacocinados nace de una iniciativa de la cooperativa vilamercat.cat\u00a0<\/span><\/p><p><span style=\"font-weight: 400;\">En Vilamercat hay 3 cosas que amamos por encima de todo:<\/span><\/p>\t\t\t\t\t\t\t\t<\/div>\n\t\t\t\t<\/div>\n\t\t\t\t\t<\/div>\n\t\t<\/div>\n\t\t\t\t\t<\/div>\n\t\t<\/section>\n\t\t<div class=\"elementor-element elementor-element-273548c8 e-flex e-con-boxed e-con e-parent\" data-id=\"273548c8\" data-element_type=\"container\">\n\t\t\t\t\t<div class=\"e-con-inner\">\n\t\t<div class=\"elementor-element elementor-element-69c44efa e-con-full e-flex e-con e-child\" data-id=\"69c44efa\" data-element_type=\"container\">\n\t\t\t\t<div class=\"elementor-element elementor-element-16da96e0 elementor-widget-tablet__width-initial elementor-widget-mobile__width-inherit elementor-widget__width-initial elementor-position-top elementor-widget elementor-widget-image-box\" data-id=\"16da96e0\" data-element_type=\"widget\" data-widget_type=\"image-box.default\">\n\t\t\t\t<div class=\"elementor-widget-container\">\n\t\t\t\t\t<div class=\"elementor-image-box-wrapper\"><figure class=\"elementor-image-box-img\"><a href=\"https:\/\/library.elementor.com\/local-services-wireframe-1-flexbox\/services\/#service_1\" tabindex=\"-1\" target=\"_blank\" rel=\"noopener\"><img fetchpriority=\"high\" decoding=\"async\" width=\"500\" height=\"500\" src=\"https:\/\/vilacuinats.cat\/wp-content\/uploads\/2024\/04\/benestar.png\" class=\"elementor-animation-grow attachment-full size-full wp-image-2689\" alt=\"\" title=\"\" srcset=\"https:\/\/vilacuinats.cat\/wp-content\/uploads\/2024\/04\/benestar.png 500w, https:\/\/vilacuinats.cat\/wp-content\/uploads\/2024\/04\/benestar-300x300.png 300w, https:\/\/vilacuinats.cat\/wp-content\/uploads\/2024\/04\/benestar-150x150.png 150w, https:\/\/vilacuinats.cat\/wp-content\/uploads\/2024\/04\/benestar-12x12.png 12w, https:\/\/vilacuinats.cat\/wp-content\/uploads\/2024\/04\/benestar-100x100.png 100w\" sizes=\"(max-width: 500px) 100vw, 500px\" \/><\/a><\/figure><div class=\"elementor-image-box-content\"><h4 class=\"elementor-image-box-title\"><a href=\"https:\/\/library.elementor.com\/local-services-wireframe-1-flexbox\/services\/#service_1\" target=\"_blank\" rel=\"noopener\">La salud y bienestar de nuestros clientes<\/a><\/h4><\/div><\/div>\t\t\t\t<\/div>\n\t\t\t\t<\/div>\n\t\t\t\t<div class=\"elementor-element elementor-element-7cb93d74 elementor-widget-tablet__width-initial elementor-widget-mobile__width-inherit elementor-widget__width-initial elementor-position-top elementor-widget elementor-widget-image-box\" data-id=\"7cb93d74\" data-element_type=\"widget\" data-widget_type=\"image-box.default\">\n\t\t\t\t<div class=\"elementor-widget-container\">\n\t\t\t\t\t<div class=\"elementor-image-box-wrapper\"><figure class=\"elementor-image-box-img\"><a href=\"https:\/\/library.elementor.com\/local-services-wireframe-1-flexbox\/services\/#service_2\" tabindex=\"-1\" target=\"_blank\" rel=\"noopener\"><img decoding=\"async\" width=\"500\" height=\"500\" src=\"https:\/\/vilacuinats.cat\/wp-content\/uploads\/2024\/04\/planeta.png\" class=\"elementor-animation-grow attachment-full size-full wp-image-2690\" alt=\"\" title=\"\" srcset=\"https:\/\/vilacuinats.cat\/wp-content\/uploads\/2024\/04\/planeta.png 500w, https:\/\/vilacuinats.cat\/wp-content\/uploads\/2024\/04\/planeta-300x300.png 300w, https:\/\/vilacuinats.cat\/wp-content\/uploads\/2024\/04\/planeta-150x150.png 150w, https:\/\/vilacuinats.cat\/wp-content\/uploads\/2024\/04\/planeta-12x12.png 12w, https:\/\/vilacuinats.cat\/wp-content\/uploads\/2024\/04\/planeta-100x100.png 100w\" sizes=\"(max-width: 500px) 100vw, 500px\" \/><\/a><\/figure><div class=\"elementor-image-box-content\"><h4 class=\"elementor-image-box-title\"><a href=\"https:\/\/library.elementor.com\/local-services-wireframe-1-flexbox\/services\/#service_2\" target=\"_blank\" rel=\"noopener\">Nuestro planeta<\/a><\/h4><\/div><\/div>\t\t\t\t<\/div>\n\t\t\t\t<\/div>\n\t\t\t\t<div class=\"elementor-element elementor-element-5a78f229 elementor-widget-tablet__width-initial elementor-widget-mobile__width-inherit elementor-widget__width-initial elementor-position-top elementor-widget elementor-widget-image-box\" data-id=\"5a78f229\" data-element_type=\"widget\" data-widget_type=\"image-box.default\">\n\t\t\t\t<div class=\"elementor-widget-container\">\n\t\t\t\t\t<div class=\"elementor-image-box-wrapper\"><figure class=\"elementor-image-box-img\"><a href=\"https:\/\/library.elementor.com\/local-services-wireframe-1-flexbox\/services\/#service_4\" tabindex=\"-1\" target=\"_blank\" rel=\"noopener\"><img decoding=\"async\" width=\"500\" height=\"500\" src=\"https:\/\/vilacuinats.cat\/wp-content\/uploads\/2024\/04\/productors-locals.png\" class=\"elementor-animation-grow attachment-full size-full wp-image-2691\" alt=\"\" title=\"\" srcset=\"https:\/\/vilacuinats.cat\/wp-content\/uploads\/2024\/04\/productors-locals.png 500w, https:\/\/vilacuinats.cat\/wp-content\/uploads\/2024\/04\/productors-locals-300x300.png 300w, https:\/\/vilacuinats.cat\/wp-content\/uploads\/2024\/04\/productors-locals-150x150.png 150w, https:\/\/vilacuinats.cat\/wp-content\/uploads\/2024\/04\/productors-locals-12x12.png 12w, https:\/\/vilacuinats.cat\/wp-content\/uploads\/2024\/04\/productors-locals-100x100.png 100w\" sizes=\"(max-width: 500px) 100vw, 500px\" \/><\/a><\/figure><div class=\"elementor-image-box-content\"><h4 class=\"elementor-image-box-title\"><a href=\"https:\/\/library.elementor.com\/local-services-wireframe-1-flexbox\/services\/#service_4\" target=\"_blank\" rel=\"noopener\">Los productores locales<\/a><\/h4><\/div><\/div>\t\t\t\t<\/div>\n\t\t\t\t<\/div>\n\t\t\t\t<\/div>\n\t\t\t\t\t<\/div>\n\t\t\t\t<\/div>\n\t\t\t\t<section class=\"elementor-section elementor-top-section elementor-element elementor-element-0b57a9d elementor-section-content-middle elementor-reverse-mobile elementor-section-boxed elementor-section-height-default elementor-section-height-default\" data-id=\"0b57a9d\" data-element_type=\"section\" data-settings=\"{&quot;background_background&quot;:&quot;classic&quot;}\">\n\t\t\t\t\t\t<div class=\"elementor-container elementor-column-gap-no\">\n\t\t\t\t\t<div class=\"elementor-column elementor-col-50 elementor-top-column elementor-element elementor-element-03453e9\" data-id=\"03453e9\" data-element_type=\"column\">\n\t\t\t<div class=\"elementor-widget-wrap elementor-element-populated\">\n\t\t\t\t\t\t<div class=\"elementor-element elementor-element-b50fcd4 elementor-widget elementor-widget-text-editor\" data-id=\"b50fcd4\" data-element_type=\"widget\" data-widget_type=\"text-editor.default\">\n\t\t\t\t<div class=\"elementor-widget-container\">\n\t\t\t\t\t\t\t\t\t<p><span style=\"font-weight: 400;\">Trabajamos con agricultores y ganaderos de proximidad que cada d\u00eda nos traen productos frescos, de calidad, muchos de ellos ecol\u00f3gicos\u2026 \u00a1y todos deliciosos!\u00a0<\/span><\/p><p><span style=\"font-weight: 400;\">Pensando en c\u00f3mo pod\u00edamos evitar el desperdicio de estos productos, que a veces se producen de m\u00e1s, decidimos crear Vilacuinats.<\/span><\/p><p><span style=\"font-weight: 400;\">Porque queremos que comas bien y bueno sin dedicar las horas que no tienes a cocinar por toda la semana.<\/span><\/p><p><span style=\"font-weight: 400;\">Porque amamos demasiado lo que la tierra nos da como para tirarlo.<\/span><\/p><p><span style=\"font-weight: 400;\">Porque apreciamos el trabajo que cada d\u00eda realizan nuestros productores.<\/span><\/p>\t\t\t\t\t\t\t\t<\/div>\n\t\t\t\t<\/div>\n\t\t\t\t\t<\/div>\n\t\t<\/div>\n\t\t\t\t<div class=\"elementor-column elementor-col-50 elementor-top-column elementor-element elementor-element-dd67294\" data-id=\"dd67294\" data-element_type=\"column\">\n\t\t\t<div class=\"elementor-widget-wrap elementor-element-populated\">\n\t\t\t\t\t\t<div class=\"elementor-element elementor-element-d02ba18 elementor-widget elementor-widget-image\" data-id=\"d02ba18\" data-element_type=\"widget\" data-widget_type=\"image.default\">\n\t\t\t\t<div class=\"elementor-widget-container\">\n\t\t\t\t\t\t\t\t\t\t\t\t\t\t\t<img loading=\"lazy\" decoding=\"async\" width=\"1890\" height=\"1417\" src=\"https:\/\/vilacuinats.cat\/wp-content\/uploads\/2024\/06\/Estofado-de-ternera-4.jpg\" class=\"attachment-full size-full wp-image-3247\" alt=\"\" srcset=\"https:\/\/vilacuinats.cat\/wp-content\/uploads\/2024\/06\/Estofado-de-ternera-4.jpg 1890w, https:\/\/vilacuinats.cat\/wp-content\/uploads\/2024\/06\/Estofado-de-ternera-4-300x225.jpg 300w, https:\/\/vilacuinats.cat\/wp-content\/uploads\/2024\/06\/Estofado-de-ternera-4-1024x768.jpg 1024w, https:\/\/vilacuinats.cat\/wp-content\/uploads\/2024\/06\/Estofado-de-ternera-4-768x576.jpg 768w, https:\/\/vilacuinats.cat\/wp-content\/uploads\/2024\/06\/Estofado-de-ternera-4-1536x1152.jpg 1536w, https:\/\/vilacuinats.cat\/wp-content\/uploads\/2024\/06\/Estofado-de-ternera-4-16x12.jpg 16w, https:\/\/vilacuinats.cat\/wp-content\/uploads\/2024\/06\/Estofado-de-ternera-4-1320x990.jpg 1320w, https:\/\/vilacuinats.cat\/wp-content\/uploads\/2024\/06\/Estofado-de-ternera-4-600x450.jpg 600w\" sizes=\"(max-width: 1890px) 100vw, 1890px\" title=\"\">\t\t\t\t\t\t\t\t\t\t\t\t\t\t\t<\/div>\n\t\t\t\t<\/div>\n\t\t\t\t\t<\/div>\n\t\t<\/div>\n\t\t\t\t\t<\/div>\n\t\t<\/section>\n\t\t<div class=\"elementor-element elementor-element-8ee8a1d e-flex e-con-boxed e-con e-parent\" data-id=\"8ee8a1d\" data-element_type=\"container\" data-settings=\"{&quot;background_background&quot;:&quot;classic&quot;}\">\n\t\t\t\t\t<div class=\"e-con-inner\">\n\t\t\t\t<div class=\"elementor-element elementor-element-a273af8 elementor-widget elementor-widget-heading\" data-id=\"a273af8\" data-element_type=\"widget\" data-widget_type=\"heading.default\">\n\t\t\t\t<div class=\"elementor-widget-container\">\n\t\t\t\t\t<h2 class=\"elementor-heading-title elementor-size-default\">\u00a1Te cocinamos, te cuidamos!<\/h2>\t\t\t\t<\/div>\n\t\t\t\t<\/div>\n\t\t\t\t\t<\/div>\n\t\t\t\t<\/div>\n\t\t\t\t<\/div>","protected":false},"excerpt":{"rendered":"<p>Dels nostres productors,al teu t\u00e0per De Vilamercat a Vilacuinats Vilacuinats neix d\u2019una iniciativa de la cooperativa vilamercat.cat\u00a0 A Vilamercat hi ha 3 coses que ens estimem per sobre de tot: La salut i benestar dels nostres clients El nostre planeta Els productors locals Treballem amb agricultors i ramaders de proximitat que cada dia ens porten [&hellip;]<\/p>","protected":false},"author":1,"featured_media":0,"parent":0,"menu_order":0,"comment_status":"closed","ping_status":"closed","template":"","meta":{"inline_featured_image":false,"_uag_custom_page_level_css":"","site-sidebar-layout":"no-sidebar","site-content-layout":"page-builder","ast-site-content-layout":"full-width-container","site-content-style":"default","site-sidebar-style":"default","ast-global-header-display":"","ast-banner-title-visibility":"","ast-main-header-display":"","ast-hfb-above-header-display":"","ast-hfb-below-header-display":"","ast-hfb-mobile-header-display":"","site-post-title":"disabled","ast-breadcrumbs-content":"","ast-featured-img":"disabled","footer-sml-layout":"","ast-disable-related-posts":"","theme-transparent-header-meta":"","adv-header-id-meta":"","stick-header-meta":"","header-above-stick-meta":"","header-main-stick-meta":"","header-below-stick-meta":"","astra-migrate-meta-layouts":"set","ast-page-background-enabled":"default","ast-page-background-meta":{"desktop":{"background-color":"","background-image":"","background-repeat":"repeat","background-position":"center center","background-size":"auto","background-attachment":"scroll","background-type":"","background-media":"","overlay-type":"","overlay-color":"","overlay-opacity":"","overlay-gradient":""},"tablet":{"background-color":"","background-image":"","background-repeat":"repeat","background-position":"center center","background-size":"auto","background-attachment":"scroll","background-type":"","background-media":"","overlay-type":"","overlay-color":"","overlay-opacity":"","overlay-gradient":""},"mobile":{"background-color":"","background-image":"","background-repeat":"repeat","background-position":"center center","background-size":"auto","background-attachment":"scroll","background-type":"","background-media":"","overlay-type":"","overlay-color":"","overlay-opacity":"","overlay-gradient":""}},"ast-content-background-meta":{"desktop":{"background-color":"var(--ast-global-color-5)","background-image":"","background-repeat":"repeat","background-position":"center center","background-size":"auto","background-attachment":"scroll","background-type":"","background-media":"","overlay-type":"","overlay-color":"","overlay-opacity":"","overlay-gradient":""},"tablet":{"background-color":"var(--ast-global-color-5)","background-image":"","background-repeat":"repeat","background-position":"center center","background-size":"auto","background-attachment":"scroll","background-type":"","background-media":"","overlay-type":"","overlay-color":"","overlay-opacity":"","overlay-gradient":""},"mobile":{"background-color":"var(--ast-global-color-5)","background-image":"","background-repeat":"repeat","background-position":"center center","background-size":"auto","background-attachment":"scroll","background-type":"","background-media":"","overlay-type":"","overlay-color":"","overlay-opacity":"","overlay-gradient":""}},"footnotes":""},"class_list":["post-2658","page","type-page","status-publish","hentry"],"uagb_featured_image_src":{"full":false,"thumbnail":false,"medium":false,"medium_large":false,"large":false,"1536x1536":false,"2048x2048":false,"trp-custom-language-flag":false,"woocommerce_thumbnail":false,"woocommerce_single":false,"woocommerce_gallery_thumbnail":false},"uagb_author_info":{"display_name":"info@articagency.com","author_link":"https:\/\/vilacuinats.cat\/es\/author\/infoarticagency-com\/"},"uagb_comment_info":0,"uagb_excerpt":"Dels nostres productors,al teu t\u00e0per De Vilamercat a Vilacuinats Vilacuinats neix d\u2019una iniciativa de la cooperativa vilamercat.cat\u00a0 A Vilamercat hi ha 3 coses que ens estimem per sobre de tot: La salut i benestar dels nostres clients El nostre planeta Els productors locals Treballem amb agricultors i ramaders de proximitat que cada dia ens porten&hellip;","_links":{"self":[{"href":"https:\/\/vilacuinats.cat\/es\/wp-json\/wp\/v2\/pages\/2658","targetHints":{"allow":["GET"]}}],"collection":[{"href":"https:\/\/vilacuinats.cat\/es\/wp-json\/wp\/v2\/pages"}],"about":[{"href":"https:\/\/vilacuinats.cat\/es\/wp-json\/wp\/v2\/types\/page"}],"author":[{"embeddable":true,"href":"https:\/\/vilacuinats.cat\/es\/wp-json\/wp\/v2\/users\/1"}],"replies":[{"embeddable":true,"href":"https:\/\/vilacuinats.cat\/es\/wp-json\/wp\/v2\/comments?post=2658"}],"version-history":[{"count":1,"href":"https:\/\/vilacuinats.cat\/es\/wp-json\/wp\/v2\/pages\/2658\/revisions"}],"predecessor-version":[{"id":3463,"href":"https:\/\/vilacuinats.cat\/es\/wp-json\/wp\/v2\/pages\/2658\/revisions\/3463"}],"wp:attachment":[{"href":"https:\/\/vilacuinats.cat\/es\/wp-json\/wp\/v2\/media?parent=2658"}],"curies":[{"name":"wp","href":"https:\/\/api.w.org\/{rel}","templated":true}]}}